{"id":333248,"date":"2022-06-13T13:07:23","date_gmt":"2022-06-13T11:07:23","guid":{"rendered":"https:\/\/ibinternational.it\/cookie-policy-eu\/"},"modified":"2025-11-04T12:58:42","modified_gmt":"2025-11-04T11:58:42","slug":"cookie-policy-eu","status":"publish","type":"page","link":"https:\/\/dev.ibinternational.it\/sv\/cookie-policy-eu\/","title":{"rendered":"Policy f\u00f6r cookies (EU)"},"content":{"rendered":"<div data-elementor-type=\"wp-page\" data-elementor-id=\"333248\" class=\"elementor elementor-333248\" data-elementor-post-type=\"page\">\n\t\t\t\t\t\t<section class=\"elementor-section elementor-top-section elementor-element elementor-element-f419fd0 elementor-section-boxed elementor-section-height-default elementor-section-height-default\" data-id=\"f419fd0\" data-element_type=\"section\" data-e-type=\"section\">\n\t\t\t\t\t\t<div class=\"elementor-container elementor-column-gap-default\">\n\t\t\t\t\t<div class=\"elementor-column elementor-col-100 elementor-top-column elementor-element elementor-element-db31f94\" data-id=\"db31f94\" data-element_type=\"column\" data-e-type=\"column\">\n\t\t\t<div class=\"elementor-widget-wrap elementor-element-populated\">\n\t\t\t\t\t\t<div class=\"elementor-element elementor-element-17b7ab5 elementor-widget elementor-widget-text-editor\" data-id=\"17b7ab5\" data-element_type=\"widget\" data-e-type=\"widget\" data-widget_type=\"text-editor.default\">\n\t\t\t\t\t\t\t\t\t<h3><strong>Cookiepolicy f\u00f6r <a href=\"https:\/\/dev.ibinternational.it\/sv\/\" target=\"_blank\" rel=\"noopener noreferrer\">ibinternational.se<\/a><\/strong><\/h3><p><strong>Datum f\u00f6r senaste uppdatering:<\/strong> 07\/10\/2025<\/p><p>Denna cookiepolicy f\u00f6rklarar vad cookies \u00e4r, hur vi anv\u00e4nder dem p\u00e5 webbplatsen\u00a0<strong><a href=\"https:\/\/dev.ibinternational.it\/sv\/\" target=\"_blank\" rel=\"noopener noreferrer\">ibinternational.se<\/a><\/strong>\u00a0(nedan kallad \u201cwebbplatsen\u201d) och hur du kan hantera dina preferenser i detta avseende.<\/p><p><strong>Vad \u00e4r cookies?<\/strong><br \/>Cookies \u00e4r sm\u00e5 textfiler som webbplatser du bes\u00f6ker skickar och lagrar p\u00e5 din dator eller mobila enhet, f\u00f6r att sedan skickas tillbaka till samma webbplats n\u00e4sta g\u00e5ng du bes\u00f6ker den. Tack vare cookies kommer en webbplats ih\u00e5g anv\u00e4ndarens handlingar och preferenser (t.ex. inloggningsuppgifter, standardspr\u00e5k, visningsinst\u00e4llningar etc.) s\u00e5 att de inte beh\u00f6ver \u00e5terst\u00e4llas n\u00e4r anv\u00e4ndaren bes\u00f6ker webbplatsen igen eller navigerar fr\u00e5n en sida till en annan.<\/p><p><strong>Typer av cookies som anv\u00e4nds p\u00e5 denna webbplats<\/strong><\/p><p>Webbplatsen anv\u00e4nder olika typer av cookies, var och en med en specifik funktion.<\/p><ol start=\"1\"><li><p><strong>Tekniska cookies (Obligatoriskt)<\/strong><br \/>Dessa cookies \u00e4r oumb\u00e4rliga f\u00f6r att webbplatsen ska fungera korrekt. De m\u00f6jligg\u00f6r navigering, lagring av dina samtyckespreferenser och s\u00e4kerst\u00e4ller webbplatsens s\u00e4kerhet. Utan dessa cookies skulle webbplatsen inte fungera korrekt. De kr\u00e4ver inte ditt samtycke i f\u00f6rv\u00e4g.<\/p><\/li><li><p><strong>Analytiska och statistiska cookies<\/strong><br \/>Dessa cookies hj\u00e4lper oss att f\u00f6rst\u00e5 hur anv\u00e4ndare interagerar med webbplatsen genom att samla in information i anonym och aggregerad form om antalet bes\u00f6kare, de mest popul\u00e4ra sidorna som bes\u00f6ks, varifr\u00e5n trafiken kommer och allm\u00e4nt surfbeteende. Dessa uppgifter g\u00f6r det m\u00f6jligt f\u00f6r oss att f\u00f6rb\u00e4ttra v\u00e5rt inneh\u00e5ll och v\u00e5r anv\u00e4ndarupplevelse.<\/p><\/li><li><p><strong>Cookies f\u00f6r annonsering och m\u00e5lgruppsanpassning<\/strong><br \/>Dessa cookies anv\u00e4nds f\u00f6r att visa dig annonser som \u00e4r mer relevanta f\u00f6r dina intressen, b\u00e5de p\u00e5 v\u00e5r webbplats och p\u00e5 andra plattformar. De kan ocks\u00e5 anv\u00e4ndas f\u00f6r att begr\u00e4nsa antalet g\u00e5nger du ser en annons och f\u00f6r att m\u00e4ta effektiviteten i en reklamkampanj.<\/p><\/li><\/ol><p><strong>Hantera inst\u00e4llningar f\u00f6r cookies<\/strong><\/p><p>N\u00e4r du f\u00f6rst bes\u00f6ker webbplatsen kommer en samtyckesbanner att ge dig ett tydligt val. Du kan v\u00e4lja:<\/p><ul><li><p><strong>Acceptera alla cookies<\/strong>\u00a0(Teknisk, Analytisk och Reklam).<\/p><\/li><li><p><strong>Avvisa alla cookies<\/strong>\u00a0utom de tekniska.<\/p><\/li><li><p><strong>Anpassa dina val<\/strong>\u00a0genom att individuellt v\u00e4lja de kategorier av cookies som du vill aktivera.<\/p><\/li><\/ul><p>Du kan n\u00e4r som helst \u00e4ndra eller \u00e5terkalla ditt samtycke genom att g\u00e5 till panelen f\u00f6r cookiepreferenser, som kan n\u00e5s via en l\u00e4nk i sidfoten p\u00e5 webbplatsen, vanligtvis kallad \u201cCookiepreferenser\u201d eller \u201cCookiehantering\u201d.<\/p><p>Dessutom kan du hantera cookies direkt fr\u00e5n inst\u00e4llningarna i din webbl\u00e4sare och best\u00e4mma vilka cookies som ska raderas eller blockeras. Om du blockerar alla cookies kan det dock h\u00e4nda att vissa funktioner p\u00e5 webbplatsen inte l\u00e4ngre \u00e4r tillg\u00e4ngliga.<\/p><ul><li><p><a href=\"https:\/\/support.google.com\/chrome\/answer\/95647\" target=\"_blank\" rel=\"noopener noreferrer\">Instruktioner f\u00f6r Chrome<\/a><\/p><\/li><li><p><a href=\"https:\/\/support.mozilla.org\/it\/kb\/attivare-e-disattivare-i-cookie\" target=\"_blank\" rel=\"noopener noreferrer\">Instruktioner f\u00f6r Firefox<\/a><\/p><\/li><li><p><a href=\"https:\/\/support.apple.com\/it-it\/guide\/safari\/sfri11471\/mac\" target=\"_blank\" rel=\"noopener noreferrer\">Instruktioner f\u00f6r Safari<\/a><\/p><\/li><li><p><a href=\"https:\/\/support.microsoft.com\/it-it\/microsoft-edge\/eliminare-i-cookie-in-microsoft-edge-63947406-40ac-c3b8-57b9-2a946a29ae09\" target=\"_blank\" rel=\"noopener noreferrer\">Instruktioner f\u00f6r kant<\/a><\/p><\/li><\/ul><p><strong>Information om cookies och tj\u00e4nster fr\u00e5n tredje part<\/strong><\/p><p>I f\u00f6ljande tabell beskrivs de cookies och tj\u00e4nster fr\u00e5n tredje part som anv\u00e4nds p\u00e5 webbplatsen.<\/p><div><div><div><div>\u00a0<\/div><\/div><div>\u00a0<\/div><\/div><table><thead><tr><th>Kategori<\/th><th>Tj\u00e4nstens namn<\/th><th>Leverant\u00f6r<\/th><th>Syfte<\/th><th>Varaktighet<\/th><th>Insamlade uppgifter (anonymiserade)<\/th><\/tr><\/thead><tbody><tr><td><strong>Tekniker<\/strong><\/td><td>LiteSpeed Cache<\/td><td>LiteSpeed-teknik<\/td><td>Cachelagring av inneh\u00e5ll f\u00f6r att f\u00f6rb\u00e4ttra prestandan p\u00e5 webbplatsen.<\/td><td>Session<\/td><td>Tekniska data f\u00f6r sessionen<\/td><\/tr><tr><td><strong>Tekniker<\/strong><\/td><td>Cloudflare<\/td><td>Cloudflare, Inc.<\/td><td>S\u00e4kerhet och skydd mot cyberattacker (DDoS), optimering av inneh\u00e5llsdistribution (CDN).<\/td><td>Upp till 1 \u00e5r<\/td><td>IP-adress, loggdata (behandlas av s\u00e4kerhetssk\u00e4l)<\/td><\/tr><tr><td><strong>Analys<\/strong><\/td><td>Google Analytics 4 (GA4)<\/td><td>Google Irland Ltd.<\/td><td>Aggregerad statistisk analys av anv\u00e4ndartrafik och beteende p\u00e5 webbplatsen.<\/td><td>Upp till 24 m\u00e5nader<\/td><td>IP-adress (anonymiserad), sessionsdata, bes\u00f6kta sidor, bes\u00f6kets varaktighet, enhet och webbl\u00e4sare som anv\u00e4nds.<\/td><\/tr><tr><td><strong>Analys<\/strong><\/td><td>Microsofts tydlighet<\/td><td>Microsoft Corporation<\/td><td>Analys av anv\u00e4ndarupplevelsen genom sessionsinspelning och heatmaps f\u00f6r att identifiera anv\u00e4ndbarhetsproblem.<\/td><td>Upp till 12 m\u00e5nader<\/td><td>Klick, scroll, musr\u00f6relse, sessionsdata (alla anonymiserade).<\/td><\/tr><tr><td><strong>Annons<\/strong><\/td><td>Google-annonser<\/td><td>Google Irland Ltd.<\/td><td>Remarketing, skapande av anpassade annonser baserat p\u00e5 beteende p\u00e5 webbplatsen, m\u00e4tning av kampanjprestanda.<\/td><td>Upp till 90 dagar<\/td><td>Cookie-ID, bes\u00f6kta sidor, vidtagna \u00e5tg\u00e4rder.<\/td><\/tr><tr><td><strong>Tekniker\/Funz.<\/strong><\/td><td>Googles s\u00f6kkonsol<\/td><td>Google Irland Ltd.<\/td><td>\u00d6vervakning av webbplatsens prestanda i Googles s\u00f6kresultat.<\/td><td>-<\/td><td>Aggregerade och anonyma forskningsdata.<\/td><\/tr><tr><td><strong>Tekniker<\/strong><\/td><td>Google Site Kit<\/td><td>Google Irland Ltd.<\/td><td>Integrationsplugin f\u00f6r Google-tj\u00e4nster (Analytics, Search Console). Samlar inte in data p\u00e5 egen hand.<\/td><td>-<\/td><td>-<\/td><\/tr><tr><td><strong>Tekniker<\/strong><\/td><td>Elementor Pro<\/td><td>Elementor Ltd.<\/td><td>Funktionalitet f\u00f6r att skapa och visa webbsidor. Kontaktformul\u00e4r lagrar de inskickade uppgifterna lokalt.<\/td><td>Session<\/td><td>Uppgifter som matas in i formul\u00e4r (hanteras av den personuppgiftsansvarige)<\/td><\/tr><\/tbody><\/table><\/div><p><strong>\u00d6verf\u00f6ring av uppgifter utanf\u00f6r EU<\/strong><\/p><p>Vissa av de tj\u00e4nster som anges (s\u00e4rskilt Google Analytics, Microsoft Clarity och Cloudflare) tillhandah\u00e5lls av f\u00f6retag som \u00e4r baserade i USA. \u00d6verf\u00f6ringen av dina uppgifter till detta land sker i enlighet med de garantier som ges i lag, i synnerhet leverant\u00f6rernas efterlevnad av\u00a0<strong>EU:s och USA:s ramverk f\u00f6r dataskydd<\/strong>, ett avtal om adekvat skyddsniv\u00e5 som erk\u00e4nts av Europeiska kommissionen.<\/p><p><strong>Kontakt<\/strong><\/p><p>Om du har n\u00e5gra fr\u00e5gor ang\u00e5ende denna cookiepolicy eller vill ut\u00f6va dina integritetsr\u00e4ttigheter, v\u00e4nligen kontakta personuppgiftsansvarig p\u00e5 de kontaktuppgifter som anges i v\u00e5r <a href=\"https:\/\/dev.ibinternational.it\/sv\/integritetspolicy\/\">Integritetspolicy<\/a>.<\/p><p>Personuppgiftsansvarig \u00e4r:<br \/><strong>IB International Real Estate s.r.l.<\/strong><br \/>Med s\u00e4te i: Via Roma 2\/10, Genua - 16121<br \/>E-post f\u00f6r sekretess: <a href=\"https:\/\/mailto:info@ibinternational.it\/\" target=\"_blank\" rel=\"noopener noreferrer\">info@ibinternational.it<\/a><\/p>\t\t\t\t\t\t\t\t<\/div>\n\t\t\t\t\t<\/div>\n\t\t<\/div>\n\t\t\t\t\t<\/div>\n\t\t<\/section>\n\t\t\t\t<\/div>","protected":false},"excerpt":{"rendered":"<p>Cookie Policy per ibinternational.it Data Ultimo Aggiornamento: 07\/10\/2025 Questa Cookie Policy spiega cosa sono i cookie, come li utilizziamo sul sito web\u00a0ibinternational.it\u00a0(di seguito, &#8220;il Sito&#8221;) e come puoi gestire le tue preferenze al riguardo. Cosa sono i Cookie?I cookie sono piccoli file di testo che i siti visitati dall&#8217;utente inviano e registrano sul suo computer [&hellip;]<\/p>\n","protected":false},"author":1,"featured_media":0,"parent":0,"menu_order":13,"comment_status":"closed","ping_status":"closed","template":"elementor_header_footer","meta":{"footnotes":""},"class_list":["post-333248","page","type-page","status-publish","hentry"],"yoast_head":"<!-- This site is optimized with the Yoast SEO plugin v27.3 - https:\/\/yoast.com\/product\/yoast-seo-wordpress\/ -->\n<title>Cookie Policy (EU) - IB International Real Estate<\/title>\n<meta name=\"robots\" content=\"noindex, follow, max-snippet:-1, max-image-preview:large, max-video-preview:-1\" \/>\n<meta property=\"og:locale\" content=\"sv_SE\" \/>\n<meta property=\"og:type\" content=\"article\" \/>\n<meta property=\"og:title\" content=\"Cookie Policy (EU) - IB International Real Estate\" \/>\n<meta property=\"og:description\" content=\"Cookie Policy per ibinternational.it Data Ultimo Aggiornamento: 07\/10\/2025 Questa Cookie Policy spiega cosa sono i cookie, come li utilizziamo sul sito web\u00a0ibinternational.it\u00a0(di seguito, &#8220;il Sito&#8221;) e come puoi gestire le tue preferenze al riguardo. Cosa sono i Cookie?I cookie sono piccoli file di testo che i siti visitati dall&#8217;utente inviano e registrano sul suo computer [&hellip;]\" \/>\n<meta property=\"og:url\" content=\"https:\/\/dev.ibinternational.it\/sv\/cookie-policy-eu\/\" \/>\n<meta property=\"og:site_name\" content=\"IB International Real Estate\" \/>\n<meta property=\"article:publisher\" content=\"https:\/\/www.facebook.com\/IBInternationalRealEstate\/\" \/>\n<meta property=\"article:modified_time\" content=\"2025-11-04T11:58:42+00:00\" \/>\n<meta name=\"twitter:card\" content=\"summary_large_image\" \/>\n<script type=\"application\/ld+json\" class=\"yoast-schema-graph\">{\"@context\":\"https:\\\/\\\/schema.org\",\"@graph\":[{\"@type\":\"WebPage\",\"@id\":\"https:\\\/\\\/dev.ibinternational.it\\\/cookie-policy-eu\\\/\",\"url\":\"https:\\\/\\\/dev.ibinternational.it\\\/cookie-policy-eu\\\/\",\"name\":\"Cookie Policy (EU) - IB International Real Estate\",\"isPartOf\":{\"@id\":\"https:\\\/\\\/dev.ibinternational.it\\\/#website\"},\"datePublished\":\"2022-06-13T11:07:23+00:00\",\"dateModified\":\"2025-11-04T11:58:42+00:00\",\"breadcrumb\":{\"@id\":\"https:\\\/\\\/dev.ibinternational.it\\\/cookie-policy-eu\\\/#breadcrumb\"},\"inLanguage\":\"sv-SE\",\"potentialAction\":[{\"@type\":\"ReadAction\",\"target\":[\"https:\\\/\\\/dev.ibinternational.it\\\/cookie-policy-eu\\\/\"]}]},{\"@type\":\"BreadcrumbList\",\"@id\":\"https:\\\/\\\/dev.ibinternational.it\\\/cookie-policy-eu\\\/#breadcrumb\",\"itemListElement\":[{\"@type\":\"ListItem\",\"position\":1,\"name\":\"Home\",\"item\":\"https:\\\/\\\/dev.ibinternational.it\\\/\"},{\"@type\":\"ListItem\",\"position\":2,\"name\":\"Cookie Policy (EU)\"}]},{\"@type\":\"WebSite\",\"@id\":\"https:\\\/\\\/dev.ibinternational.it\\\/#website\",\"url\":\"https:\\\/\\\/dev.ibinternational.it\\\/\",\"name\":\"IB International Real Estate\",\"description\":\"IB International\",\"publisher\":{\"@id\":\"https:\\\/\\\/dev.ibinternational.it\\\/#organization\"},\"potentialAction\":[{\"@type\":\"SearchAction\",\"target\":{\"@type\":\"EntryPoint\",\"urlTemplate\":\"https:\\\/\\\/dev.ibinternational.it\\\/?s={search_term_string}\"},\"query-input\":{\"@type\":\"PropertyValueSpecification\",\"valueRequired\":true,\"valueName\":\"search_term_string\"}}],\"inLanguage\":\"sv-SE\"},{\"@type\":\"Organization\",\"@id\":\"https:\\\/\\\/dev.ibinternational.it\\\/#organization\",\"name\":\"IB International Real Estate\",\"url\":\"https:\\\/\\\/dev.ibinternational.it\\\/\",\"logo\":{\"@type\":\"ImageObject\",\"inLanguage\":\"sv-SE\",\"@id\":\"https:\\\/\\\/dev.ibinternational.it\\\/#\\\/schema\\\/logo\\\/image\\\/\",\"url\":\"https:\\\/\\\/dev.ibinternational.it\\\/wp-content\\\/uploads\\\/2021\\\/03\\\/Logo-IBInternational-grey-200.png\",\"contentUrl\":\"https:\\\/\\\/dev.ibinternational.it\\\/wp-content\\\/uploads\\\/2021\\\/03\\\/Logo-IBInternational-grey-200.png\",\"width\":200,\"height\":200,\"caption\":\"IB International Real Estate\"},\"image\":{\"@id\":\"https:\\\/\\\/dev.ibinternational.it\\\/#\\\/schema\\\/logo\\\/image\\\/\"},\"sameAs\":[\"https:\\\/\\\/www.facebook.com\\\/IBInternationalRealEstate\\\/\",\"https:\\\/\\\/www.linkedin.com\\\/company\\\/ib-international-real-estate\\\/\"]}]}<\/script>\n<!-- \/ Yoast SEO plugin. -->","yoast_head_json":{"title":"Cookiepolicy (EU) - IB International Real Estate","robots":{"index":"noindex","follow":"follow","max-snippet":"max-snippet:-1","max-image-preview":"max-image-preview:large","max-video-preview":"max-video-preview:-1"},"og_locale":"sv_SE","og_type":"article","og_title":"Cookie Policy (EU) - IB International Real Estate","og_description":"Cookie Policy per ibinternational.it Data Ultimo Aggiornamento: 07\/10\/2025 Questa Cookie Policy spiega cosa sono i cookie, come li utilizziamo sul sito web\u00a0ibinternational.it\u00a0(di seguito, &#8220;il Sito&#8221;) e come puoi gestire le tue preferenze al riguardo. Cosa sono i Cookie?I cookie sono piccoli file di testo che i siti visitati dall&#8217;utente inviano e registrano sul suo computer [&hellip;]","og_url":"https:\/\/dev.ibinternational.it\/sv\/cookie-policy-eu\/","og_site_name":"IB International Real Estate","article_publisher":"https:\/\/www.facebook.com\/IBInternationalRealEstate\/","article_modified_time":"2025-11-04T11:58:42+00:00","twitter_card":"summary_large_image","schema":{"@context":"https:\/\/schema.org","@graph":[{"@type":"WebPage","@id":"https:\/\/dev.ibinternational.it\/cookie-policy-eu\/","url":"https:\/\/dev.ibinternational.it\/cookie-policy-eu\/","name":"Cookiepolicy (EU) - IB International Real Estate","isPartOf":{"@id":"https:\/\/dev.ibinternational.it\/#website"},"datePublished":"2022-06-13T11:07:23+00:00","dateModified":"2025-11-04T11:58:42+00:00","breadcrumb":{"@id":"https:\/\/dev.ibinternational.it\/cookie-policy-eu\/#breadcrumb"},"inLanguage":"sv-SE","potentialAction":[{"@type":"ReadAction","target":["https:\/\/dev.ibinternational.it\/cookie-policy-eu\/"]}]},{"@type":"BreadcrumbList","@id":"https:\/\/dev.ibinternational.it\/cookie-policy-eu\/#breadcrumb","itemListElement":[{"@type":"ListItem","position":1,"name":"Home","item":"https:\/\/dev.ibinternational.it\/"},{"@type":"ListItem","position":2,"name":"Cookie Policy (EU)"}]},{"@type":"WebSite","@id":"https:\/\/dev.ibinternational.it\/#website","url":"https:\/\/dev.ibinternational.it\/","name":"IB International Real Estate","description":"IB Internationell","publisher":{"@id":"https:\/\/dev.ibinternational.it\/#organization"},"potentialAction":[{"@type":"SearchAction","target":{"@type":"EntryPoint","urlTemplate":"https:\/\/dev.ibinternational.it\/?s={search_term_string}"},"query-input":{"@type":"PropertyValueSpecification","valueRequired":true,"valueName":"search_term_string"}}],"inLanguage":"sv-SE"},{"@type":"Organization","@id":"https:\/\/dev.ibinternational.it\/#organization","name":"IB International Real Estate","url":"https:\/\/dev.ibinternational.it\/","logo":{"@type":"ImageObject","inLanguage":"sv-SE","@id":"https:\/\/dev.ibinternational.it\/#\/schema\/logo\/image\/","url":"https:\/\/dev.ibinternational.it\/wp-content\/uploads\/2021\/03\/Logo-IBInternational-grey-200.png","contentUrl":"https:\/\/dev.ibinternational.it\/wp-content\/uploads\/2021\/03\/Logo-IBInternational-grey-200.png","width":200,"height":200,"caption":"IB International Real Estate"},"image":{"@id":"https:\/\/dev.ibinternational.it\/#\/schema\/logo\/image\/"},"sameAs":["https:\/\/www.facebook.com\/IBInternationalRealEstate\/","https:\/\/www.linkedin.com\/company\/ib-international-real-estate\/"]}]}},"_links":{"self":[{"href":"https:\/\/dev.ibinternational.it\/sv\/wp-json\/wp\/v2\/pages\/333248","targetHints":{"allow":["GET"]}}],"collection":[{"href":"https:\/\/dev.ibinternational.it\/sv\/wp-json\/wp\/v2\/pages"}],"about":[{"href":"https:\/\/dev.ibinternational.it\/sv\/wp-json\/wp\/v2\/types\/page"}],"author":[{"embeddable":true,"href":"https:\/\/dev.ibinternational.it\/sv\/wp-json\/wp\/v2\/users\/1"}],"replies":[{"embeddable":true,"href":"https:\/\/dev.ibinternational.it\/sv\/wp-json\/wp\/v2\/comments?post=333248"}],"version-history":[{"count":5,"href":"https:\/\/dev.ibinternational.it\/sv\/wp-json\/wp\/v2\/pages\/333248\/revisions"}],"predecessor-version":[{"id":513606,"href":"https:\/\/dev.ibinternational.it\/sv\/wp-json\/wp\/v2\/pages\/333248\/revisions\/513606"}],"wp:attachment":[{"href":"https:\/\/dev.ibinternational.it\/sv\/wp-json\/wp\/v2\/media?parent=333248"}],"curies":[{"name":"wp","href":"https:\/\/api.w.org\/{rel}","templated":true}]}}