{"id":333248,"date":"2022-06-13T13:07:23","date_gmt":"2022-06-13T11:07:23","guid":{"rendered":"https:\/\/ibinternational.it\/cookie-policy-eu\/"},"modified":"2025-11-04T12:58:42","modified_gmt":"2025-11-04T11:58:42","slug":"polityka-cookies-eu","status":"publish","type":"page","link":"https:\/\/dev.ibinternational.it\/pl\/polityka-cookies-eu\/","title":{"rendered":"Polityka dotycz\u0105ca plik\u00f3w cookie (UE)"},"content":{"rendered":"<div data-elementor-type=\"wp-page\" data-elementor-id=\"333248\" class=\"elementor elementor-333248\" data-elementor-post-type=\"page\">\n\t\t\t\t\t\t<section class=\"elementor-section elementor-top-section elementor-element elementor-element-f419fd0 elementor-section-boxed elementor-section-height-default elementor-section-height-default\" data-id=\"f419fd0\" data-element_type=\"section\" data-e-type=\"section\">\n\t\t\t\t\t\t<div class=\"elementor-container elementor-column-gap-default\">\n\t\t\t\t\t<div class=\"elementor-column elementor-col-100 elementor-top-column elementor-element elementor-element-db31f94\" data-id=\"db31f94\" data-element_type=\"column\" data-e-type=\"column\">\n\t\t\t<div class=\"elementor-widget-wrap elementor-element-populated\">\n\t\t\t\t\t\t<div class=\"elementor-element elementor-element-17b7ab5 elementor-widget elementor-widget-text-editor\" data-id=\"17b7ab5\" data-element_type=\"widget\" data-e-type=\"widget\" data-widget_type=\"text-editor.default\">\n\t\t\t\t\t\t\t\t\t<h3><strong>Polityka plik\u00f3w cookie dla <a href=\"https:\/\/dev.ibinternational.it\/pl\/\" target=\"_blank\" rel=\"noopener noreferrer\">ibinternational.co.uk<\/a><\/strong><\/h3><p><strong>Data ostatniej aktualizacji:<\/strong> 07\/10\/2025<\/p><p>Niniejsze Zasady dotycz\u0105ce plik\u00f3w cookie wyja\u015bniaj\u0105, czym s\u0105 pliki cookie i w jaki spos\u00f3b wykorzystujemy je na stronie internetowej\u00a0<strong><a href=\"https:\/\/dev.ibinternational.it\/pl\/\" target=\"_blank\" rel=\"noopener noreferrer\">ibinternational.co.uk<\/a><\/strong>\u00a0(zwanej dalej \u201cWitryn\u0105\u201d) oraz w jaki spos\u00f3b u\u017cytkownik mo\u017ce zarz\u0105dza\u0107 swoimi preferencjami w tym zakresie.<\/p><p><strong>Czym s\u0105 pliki cookie?<\/strong><br \/>Pliki cookie to ma\u0142e pliki tekstowe, kt\u00f3re odwiedzane witryny wysy\u0142aj\u0105 i przechowuj\u0105 na komputerze lub urz\u0105dzeniu mobilnym u\u017cytkownika, aby przes\u0142a\u0107 je z powrotem do tych samych witryn przy nast\u0119pnej wizycie. Dzi\u0119ki plikom cookie witryna zapami\u0119tuje dzia\u0142ania i preferencje u\u017cytkownika (np. dane logowania, domy\u015blny j\u0119zyk, ustawienia wy\u015bwietlania itp.), dzi\u0119ki czemu nie trzeba ich resetowa\u0107, gdy u\u017cytkownik ponownie odwiedza witryn\u0119 lub przechodzi z jednej strony na drug\u0105.<\/p><p><strong>Rodzaje plik\u00f3w cookie u\u017cywanych na tej stronie<\/strong><\/p><p>Witryna wykorzystuje r\u00f3\u017cne rodzaje plik\u00f3w cookie, z kt\u00f3rych ka\u017cdy ma okre\u015blon\u0105 funkcj\u0119.<\/p><ol start=\"1\"><li><p><strong>Techniczne pliki cookie (wymagane)<\/strong><br \/>Te pliki cookie s\u0105 niezb\u0119dne do prawid\u0142owego funkcjonowania Witryny. Umo\u017cliwiaj\u0105 nawigacj\u0119, przechowywanie preferencji dotycz\u0105cych zgody u\u017cytkownika i zapewniaj\u0105 bezpiecze\u0144stwo Witryny. Bez tych plik\u00f3w cookie Witryna nie dzia\u0142a\u0142aby prawid\u0142owo. Nie wymagaj\u0105 one uprzedniej zgody u\u017cytkownika.<\/p><\/li><li><p><strong>Analityczne i statystyczne pliki cookie<\/strong><br \/>Te pliki cookie pomagaj\u0105 nam zrozumie\u0107, w jaki spos\u00f3b u\u017cytkownicy wchodz\u0105 w interakcj\u0119 z Witryn\u0105, gromadz\u0105c informacje w anonimowej i zbiorczej formie na temat liczby odwiedzaj\u0105cych, najpopularniejszych odwiedzanych stron, sk\u0105d pochodzi ruch i og\u00f3lnych zachowa\u0144 zwi\u0105zanych z przegl\u0105daniem. Dane te pozwalaj\u0105 nam ulepsza\u0107 nasz\u0105 zawarto\u015b\u0107 i do\u015bwiadczenia u\u017cytkownik\u00f3w.<\/p><\/li><li><p><strong>Reklamowe i ukierunkowane pliki cookie<\/strong><br \/>Te pliki cookie s\u0142u\u017c\u0105 do wy\u015bwietlania u\u017cytkownikowi reklam, kt\u00f3re s\u0105 bardziej dopasowane do jego zainteresowa\u0144, zar\u00f3wno w naszej Witrynie, jak i na innych platformach. Mog\u0105 by\u0107 r\u00f3wnie\u017c wykorzystywane do ograniczania liczby wy\u015bwietle\u0144 reklamy oraz do pomiaru skuteczno\u015bci kampanii reklamowej.<\/p><\/li><\/ol><p><strong>Zarz\u0105dzanie preferencjami plik\u00f3w cookie<\/strong><\/p><p>Przy pierwszym wej\u015bciu na stron\u0119, baner zgody przedstawi u\u017cytkownikowi jasny wyb\u00f3r. U\u017cytkownik mo\u017ce:<\/p><ul><li><p><strong>Akceptuj wszystkie pliki cookie<\/strong>\u00a0(techniczne, analityczne i reklamowe).<\/p><\/li><li><p><strong>Odrzu\u0107 wszystkie pliki cookie<\/strong>\u00a0z wyj\u0105tkiem tych technicznych.<\/p><\/li><li><p><strong>Dostosowywanie wybor\u00f3w<\/strong>\u00a0wybieraj\u0105c indywidualnie kategorie plik\u00f3w cookie, kt\u00f3re chcesz aktywowa\u0107.<\/p><\/li><\/ul><p>W dowolnym momencie u\u017cytkownik mo\u017ce zmieni\u0107 lub odwo\u0142a\u0107 swoj\u0105 zgod\u0119, uzyskuj\u0105c dost\u0119p do panelu preferencji plik\u00f3w cookie, do kt\u00f3rego mo\u017cna uzyska\u0107 dost\u0119p za po\u015brednictwem \u0142\u0105cza w stopce Witryny, zwykle okre\u015blanego jako \u201cPreferencje plik\u00f3w cookie\u201d lub \u201cZarz\u0105dzanie plikami cookie\u201d.<\/p><p>Ponadto u\u017cytkownik mo\u017ce zarz\u0105dza\u0107 plikami cookie bezpo\u015brednio w ustawieniach przegl\u0105darki, decyduj\u0105c, kt\u00f3re pliki cookie usun\u0105\u0107 lub zablokowa\u0107. Je\u015bli jednak u\u017cytkownik zablokuje wszystkie pliki cookie, niekt\u00f3re funkcje Witryny mog\u0105 by\u0107 niedost\u0119pne.<\/p><ul><li><p><a href=\"https:\/\/support.google.com\/chrome\/answer\/95647\" target=\"_blank\" rel=\"noopener noreferrer\">Instrukcje dla Chrome<\/a><\/p><\/li><li><p><a href=\"https:\/\/support.mozilla.org\/it\/kb\/attivare-e-disattivare-i-cookie\" target=\"_blank\" rel=\"noopener noreferrer\">Instrukcje dla przegl\u0105darki Firefox<\/a><\/p><\/li><li><p><a href=\"https:\/\/support.apple.com\/it-it\/guide\/safari\/sfri11471\/mac\" target=\"_blank\" rel=\"noopener noreferrer\">Instrukcje Safari<\/a><\/p><\/li><li><p><a href=\"https:\/\/support.microsoft.com\/it-it\/microsoft-edge\/eliminare-i-cookie-in-microsoft-edge-63947406-40ac-c3b8-57b9-2a946a29ae09\" target=\"_blank\" rel=\"noopener noreferrer\">Instrukcje dotycz\u0105ce kraw\u0119dzi<\/a><\/p><\/li><\/ul><p><strong>Szczeg\u00f3\u0142y dotycz\u0105ce plik\u00f3w cookie i us\u0142ug stron trzecich<\/strong><\/p><p>W poni\u017cszej tabeli wyszczeg\u00f3lniono pliki cookie i us\u0142ugi stron trzecich u\u017cywane w Witrynie.<\/p><div><div><div><div>\u00a0<\/div><\/div><div>\u00a0<\/div><\/div><table><thead><tr><th>Kategoria<\/th><th>Nazwa us\u0142ugi<\/th><th>Dostawca<\/th><th>Cel<\/th><th>Czas trwania<\/th><th>Zebrane dane (zanonimizowane)<\/th><\/tr><\/thead><tbody><tr><td><strong>Technicy<\/strong><\/td><td>LiteSpeed Cache<\/td><td>LiteSpeed Technologies<\/td><td>Buforowanie tre\u015bci w celu poprawy wydajno\u015bci Strony.<\/td><td>Sesja<\/td><td>Dane techniczne sesji<\/td><\/tr><tr><td><strong>Technicy<\/strong><\/td><td>Cloudflare<\/td><td>Cloudflare, Inc.<\/td><td>Bezpiecze\u0144stwo i ochrona przed cyberatakami (DDoS), optymalizacja dystrybucji tre\u015bci (CDN).<\/td><td>Do 1 roku<\/td><td>Adres IP, dane dziennika (przetwarzane w celach bezpiecze\u0144stwa)<\/td><\/tr><tr><td><strong>Analityka<\/strong><\/td><td>Google Analytics 4 (GA4)<\/td><td>Google Ireland Ltd.<\/td><td>Zagregowana analiza statystyczna ruchu i zachowania u\u017cytkownik\u00f3w w Witrynie.<\/td><td>Do 24 miesi\u0119cy<\/td><td>Adres IP (zanonimizowany), dane sesji, odwiedzane strony, czas trwania wizyty, u\u017cywane urz\u0105dzenie i przegl\u0105darka.<\/td><\/tr><tr><td><strong>Analityka<\/strong><\/td><td>Microsoft Clarity<\/td><td>Microsoft Corporation<\/td><td>Analiza do\u015bwiadczenia u\u017cytkownika poprzez nagrywanie sesji i mapy cieplne w celu zidentyfikowania problem\u00f3w z u\u017cyteczno\u015bci\u0105.<\/td><td>Do 12 miesi\u0119cy<\/td><td>Klikni\u0119cie, przewijanie, ruch myszy, dane sesji (wszystkie zanonimizowane).<\/td><\/tr><tr><td><strong>Reklama<\/strong><\/td><td>Reklamy Google<\/td><td>Google Ireland Ltd.<\/td><td>Remarketing, tworzenie spersonalizowanych reklam na podstawie zachowania w Witrynie, pomiar skuteczno\u015bci kampanii.<\/td><td>Do 90 dni<\/td><td>Identyfikator pliku cookie, odwiedzone strony, podj\u0119te dzia\u0142ania.<\/td><\/tr><tr><td><strong>Technicy\/Funz.<\/strong><\/td><td>Google Search Console<\/td><td>Google Ireland Ltd.<\/td><td>Monitorowanie wynik\u00f3w Witryny w wynikach wyszukiwania Google.<\/td><td>-<\/td><td>Zagregowane i anonimowe dane badawcze.<\/td><\/tr><tr><td><strong>Technicy<\/strong><\/td><td>Google Site Kit<\/td><td>Google Ireland Ltd.<\/td><td>Wtyczka integruj\u0105ca us\u0142ugi Google (Analytics, Search Console). Nie zbiera danych niezale\u017cnie.<\/td><td>-<\/td><td>-<\/td><\/tr><tr><td><strong>Technicy<\/strong><\/td><td>Elementor Pro<\/td><td>Elementor Ltd.<\/td><td>Funkcjonalno\u015b\u0107 tworzenia i wy\u015bwietlania stron internetowych. Formularze kontaktowe przechowuj\u0105 przes\u0142ane dane lokalnie.<\/td><td>Sesja<\/td><td>Dane wprowadzone w formularzach (zarz\u0105dzane przez administratora)<\/td><\/tr><\/tbody><\/table><\/div><p><strong>Przekazywanie danych poza UE<\/strong><\/p><p>Niekt\u00f3re z wymienionych us\u0142ug (w szczeg\u00f3lno\u015bci Google Analytics, Microsoft Clarity i Cloudflare) s\u0105 \u015bwiadczone przez firmy z siedzib\u0105 w Stanach Zjednoczonych Ameryki. Przekazywanie danych u\u017cytkownika do tego kraju odbywa si\u0119 zgodnie z gwarancjami przewidzianymi przez prawo, w szczeg\u00f3lno\u015bci z przestrzeganiem przez dostawc\u00f3w\u00a0<strong>Ramy prywatno\u015bci danych UE-USA<\/strong>, porozumienie w sprawie odpowiedniego poziomu ochrony uznane przez Komisj\u0119 Europejsk\u0105.<\/p><p><strong>Kontakt<\/strong><\/p><p>W przypadku jakichkolwiek pyta\u0144 dotycz\u0105cych niniejszej Polityki plik\u00f3w cookie lub ch\u0119ci skorzystania z prawa do prywatno\u015bci, prosimy o kontakt z Administratorem Danych na dane kontaktowe wskazane w naszej Polityce plik\u00f3w cookie. <a href=\"https:\/\/dev.ibinternational.it\/pl\/polityka-prywatnosci\/\">Polityka prywatno\u015bci<\/a>.<\/p><p>Administratorem danych jest:<br \/><strong>IB International Real Estate s.r.l.<\/strong><br \/>Z siedzib\u0105 w: Via Roma 2\/10, Genua - 16121<br \/>E-mail w celu zachowania prywatno\u015bci: <a href=\"https:\/\/mailto:info@ibinternational.it\/\" target=\"_blank\" rel=\"noopener noreferrer\">info@ibinternational.it<\/a><\/p>\t\t\t\t\t\t\t\t<\/div>\n\t\t\t\t\t<\/div>\n\t\t<\/div>\n\t\t\t\t\t<\/div>\n\t\t<\/section>\n\t\t\t\t<\/div>","protected":false},"excerpt":{"rendered":"<p>Cookie Policy per ibinternational.it Data Ultimo Aggiornamento: 07\/10\/2025 Questa Cookie Policy spiega cosa sono i cookie, come li utilizziamo sul sito web\u00a0ibinternational.it\u00a0(di seguito, &#8220;il Sito&#8221;) e come puoi gestire le tue preferenze al riguardo. Cosa sono i Cookie?I cookie sono piccoli file di testo che i siti visitati dall&#8217;utente inviano e registrano sul suo computer [&hellip;]<\/p>\n","protected":false},"author":1,"featured_media":0,"parent":0,"menu_order":13,"comment_status":"closed","ping_status":"closed","template":"elementor_header_footer","meta":{"footnotes":""},"class_list":["post-333248","page","type-page","status-publish","hentry"],"yoast_head":"<!-- This site is optimized with the Yoast SEO plugin v27.3 - https:\/\/yoast.com\/product\/yoast-seo-wordpress\/ -->\n<title>Cookie Policy (EU) - IB International Real Estate<\/title>\n<meta name=\"robots\" content=\"noindex, follow, max-snippet:-1, max-image-preview:large, max-video-preview:-1\" \/>\n<meta property=\"og:locale\" content=\"pl_PL\" \/>\n<meta property=\"og:type\" content=\"article\" \/>\n<meta property=\"og:title\" content=\"Cookie Policy (EU) - IB International Real Estate\" \/>\n<meta property=\"og:description\" content=\"Cookie Policy per ibinternational.it Data Ultimo Aggiornamento: 07\/10\/2025 Questa Cookie Policy spiega cosa sono i cookie, come li utilizziamo sul sito web\u00a0ibinternational.it\u00a0(di seguito, &#8220;il Sito&#8221;) e come puoi gestire le tue preferenze al riguardo. Cosa sono i Cookie?I cookie sono piccoli file di testo che i siti visitati dall&#8217;utente inviano e registrano sul suo computer [&hellip;]\" \/>\n<meta property=\"og:url\" content=\"https:\/\/dev.ibinternational.it\/pl\/polityka-cookies-eu\/\" \/>\n<meta property=\"og:site_name\" content=\"IB International Real Estate\" \/>\n<meta property=\"article:publisher\" content=\"https:\/\/www.facebook.com\/IBInternationalRealEstate\/\" \/>\n<meta property=\"article:modified_time\" content=\"2025-11-04T11:58:42+00:00\" \/>\n<meta name=\"twitter:card\" content=\"summary_large_image\" \/>\n<script type=\"application\/ld+json\" class=\"yoast-schema-graph\">{\"@context\":\"https:\\\/\\\/schema.org\",\"@graph\":[{\"@type\":\"WebPage\",\"@id\":\"https:\\\/\\\/dev.ibinternational.it\\\/cookie-policy-eu\\\/\",\"url\":\"https:\\\/\\\/dev.ibinternational.it\\\/cookie-policy-eu\\\/\",\"name\":\"Cookie Policy (EU) - IB International Real Estate\",\"isPartOf\":{\"@id\":\"https:\\\/\\\/dev.ibinternational.it\\\/#website\"},\"datePublished\":\"2022-06-13T11:07:23+00:00\",\"dateModified\":\"2025-11-04T11:58:42+00:00\",\"breadcrumb\":{\"@id\":\"https:\\\/\\\/dev.ibinternational.it\\\/cookie-policy-eu\\\/#breadcrumb\"},\"inLanguage\":\"pl-PL\",\"potentialAction\":[{\"@type\":\"ReadAction\",\"target\":[\"https:\\\/\\\/dev.ibinternational.it\\\/cookie-policy-eu\\\/\"]}]},{\"@type\":\"BreadcrumbList\",\"@id\":\"https:\\\/\\\/dev.ibinternational.it\\\/cookie-policy-eu\\\/#breadcrumb\",\"itemListElement\":[{\"@type\":\"ListItem\",\"position\":1,\"name\":\"Home\",\"item\":\"https:\\\/\\\/dev.ibinternational.it\\\/\"},{\"@type\":\"ListItem\",\"position\":2,\"name\":\"Cookie Policy (EU)\"}]},{\"@type\":\"WebSite\",\"@id\":\"https:\\\/\\\/dev.ibinternational.it\\\/#website\",\"url\":\"https:\\\/\\\/dev.ibinternational.it\\\/\",\"name\":\"IB International Real Estate\",\"description\":\"IB International\",\"publisher\":{\"@id\":\"https:\\\/\\\/dev.ibinternational.it\\\/#organization\"},\"potentialAction\":[{\"@type\":\"SearchAction\",\"target\":{\"@type\":\"EntryPoint\",\"urlTemplate\":\"https:\\\/\\\/dev.ibinternational.it\\\/?s={search_term_string}\"},\"query-input\":{\"@type\":\"PropertyValueSpecification\",\"valueRequired\":true,\"valueName\":\"search_term_string\"}}],\"inLanguage\":\"pl-PL\"},{\"@type\":\"Organization\",\"@id\":\"https:\\\/\\\/dev.ibinternational.it\\\/#organization\",\"name\":\"IB International Real Estate\",\"url\":\"https:\\\/\\\/dev.ibinternational.it\\\/\",\"logo\":{\"@type\":\"ImageObject\",\"inLanguage\":\"pl-PL\",\"@id\":\"https:\\\/\\\/dev.ibinternational.it\\\/#\\\/schema\\\/logo\\\/image\\\/\",\"url\":\"https:\\\/\\\/dev.ibinternational.it\\\/wp-content\\\/uploads\\\/2021\\\/03\\\/Logo-IBInternational-grey-200.png\",\"contentUrl\":\"https:\\\/\\\/dev.ibinternational.it\\\/wp-content\\\/uploads\\\/2021\\\/03\\\/Logo-IBInternational-grey-200.png\",\"width\":200,\"height\":200,\"caption\":\"IB International Real Estate\"},\"image\":{\"@id\":\"https:\\\/\\\/dev.ibinternational.it\\\/#\\\/schema\\\/logo\\\/image\\\/\"},\"sameAs\":[\"https:\\\/\\\/www.facebook.com\\\/IBInternationalRealEstate\\\/\",\"https:\\\/\\\/www.linkedin.com\\\/company\\\/ib-international-real-estate\\\/\"]}]}<\/script>\n<!-- \/ Yoast SEO plugin. -->","yoast_head_json":{"title":"Polityka plik\u00f3w cookie (UE) - IB International Real Estate","robots":{"index":"noindex","follow":"follow","max-snippet":"max-snippet:-1","max-image-preview":"max-image-preview:large","max-video-preview":"max-video-preview:-1"},"og_locale":"pl_PL","og_type":"article","og_title":"Cookie Policy (EU) - IB International Real Estate","og_description":"Cookie Policy per ibinternational.it Data Ultimo Aggiornamento: 07\/10\/2025 Questa Cookie Policy spiega cosa sono i cookie, come li utilizziamo sul sito web\u00a0ibinternational.it\u00a0(di seguito, &#8220;il Sito&#8221;) e come puoi gestire le tue preferenze al riguardo. Cosa sono i Cookie?I cookie sono piccoli file di testo che i siti visitati dall&#8217;utente inviano e registrano sul suo computer [&hellip;]","og_url":"https:\/\/dev.ibinternational.it\/pl\/polityka-cookies-eu\/","og_site_name":"IB International Real Estate","article_publisher":"https:\/\/www.facebook.com\/IBInternationalRealEstate\/","article_modified_time":"2025-11-04T11:58:42+00:00","twitter_card":"summary_large_image","schema":{"@context":"https:\/\/schema.org","@graph":[{"@type":"WebPage","@id":"https:\/\/dev.ibinternational.it\/cookie-policy-eu\/","url":"https:\/\/dev.ibinternational.it\/cookie-policy-eu\/","name":"Polityka plik\u00f3w cookie (UE) - IB International Real Estate","isPartOf":{"@id":"https:\/\/dev.ibinternational.it\/#website"},"datePublished":"2022-06-13T11:07:23+00:00","dateModified":"2025-11-04T11:58:42+00:00","breadcrumb":{"@id":"https:\/\/dev.ibinternational.it\/cookie-policy-eu\/#breadcrumb"},"inLanguage":"pl-PL","potentialAction":[{"@type":"ReadAction","target":["https:\/\/dev.ibinternational.it\/cookie-policy-eu\/"]}]},{"@type":"BreadcrumbList","@id":"https:\/\/dev.ibinternational.it\/cookie-policy-eu\/#breadcrumb","itemListElement":[{"@type":"ListItem","position":1,"name":"Home","item":"https:\/\/dev.ibinternational.it\/"},{"@type":"ListItem","position":2,"name":"Cookie Policy (EU)"}]},{"@type":"WebSite","@id":"https:\/\/dev.ibinternational.it\/#website","url":"https:\/\/dev.ibinternational.it\/","name":"IB International Real Estate","description":"IB International","publisher":{"@id":"https:\/\/dev.ibinternational.it\/#organization"},"potentialAction":[{"@type":"SearchAction","target":{"@type":"EntryPoint","urlTemplate":"https:\/\/dev.ibinternational.it\/?s={search_term_string}"},"query-input":{"@type":"PropertyValueSpecification","valueRequired":true,"valueName":"search_term_string"}}],"inLanguage":"pl-PL"},{"@type":"Organization","@id":"https:\/\/dev.ibinternational.it\/#organization","name":"IB International Real Estate","url":"https:\/\/dev.ibinternational.it\/","logo":{"@type":"ImageObject","inLanguage":"pl-PL","@id":"https:\/\/dev.ibinternational.it\/#\/schema\/logo\/image\/","url":"https:\/\/dev.ibinternational.it\/wp-content\/uploads\/2021\/03\/Logo-IBInternational-grey-200.png","contentUrl":"https:\/\/dev.ibinternational.it\/wp-content\/uploads\/2021\/03\/Logo-IBInternational-grey-200.png","width":200,"height":200,"caption":"IB International Real Estate"},"image":{"@id":"https:\/\/dev.ibinternational.it\/#\/schema\/logo\/image\/"},"sameAs":["https:\/\/www.facebook.com\/IBInternationalRealEstate\/","https:\/\/www.linkedin.com\/company\/ib-international-real-estate\/"]}]}},"_links":{"self":[{"href":"https:\/\/dev.ibinternational.it\/pl\/wp-json\/wp\/v2\/pages\/333248","targetHints":{"allow":["GET"]}}],"collection":[{"href":"https:\/\/dev.ibinternational.it\/pl\/wp-json\/wp\/v2\/pages"}],"about":[{"href":"https:\/\/dev.ibinternational.it\/pl\/wp-json\/wp\/v2\/types\/page"}],"author":[{"embeddable":true,"href":"https:\/\/dev.ibinternational.it\/pl\/wp-json\/wp\/v2\/users\/1"}],"replies":[{"embeddable":true,"href":"https:\/\/dev.ibinternational.it\/pl\/wp-json\/wp\/v2\/comments?post=333248"}],"version-history":[{"count":5,"href":"https:\/\/dev.ibinternational.it\/pl\/wp-json\/wp\/v2\/pages\/333248\/revisions"}],"predecessor-version":[{"id":513606,"href":"https:\/\/dev.ibinternational.it\/pl\/wp-json\/wp\/v2\/pages\/333248\/revisions\/513606"}],"wp:attachment":[{"href":"https:\/\/dev.ibinternational.it\/pl\/wp-json\/wp\/v2\/media?parent=333248"}],"curies":[{"name":"wp","href":"https:\/\/api.w.org\/{rel}","templated":true}]}}