{"id":333248,"date":"2022-06-13T13:07:23","date_gmt":"2022-06-13T11:07:23","guid":{"rendered":"https:\/\/ibinternational.it\/cookie-policy-eu\/"},"modified":"2025-11-04T12:58:42","modified_gmt":"2025-11-04T11:58:42","slug":"retningslinjer-for-informasjonskapsler-eu","status":"publish","type":"page","link":"https:\/\/dev.ibinternational.it\/nb\/retningslinjer-for-informasjonskapsler-eu\/","title":{"rendered":"Retningslinjer for informasjonskapsler (EU)"},"content":{"rendered":"<div data-elementor-type=\"wp-page\" data-elementor-id=\"333248\" class=\"elementor elementor-333248\" data-elementor-post-type=\"page\">\n\t\t\t\t\t\t<section class=\"elementor-section elementor-top-section elementor-element elementor-element-f419fd0 elementor-section-boxed elementor-section-height-default elementor-section-height-default\" data-id=\"f419fd0\" data-element_type=\"section\" data-e-type=\"section\">\n\t\t\t\t\t\t<div class=\"elementor-container elementor-column-gap-default\">\n\t\t\t\t\t<div class=\"elementor-column elementor-col-100 elementor-top-column elementor-element elementor-element-db31f94\" data-id=\"db31f94\" data-element_type=\"column\" data-e-type=\"column\">\n\t\t\t<div class=\"elementor-widget-wrap elementor-element-populated\">\n\t\t\t\t\t\t<div class=\"elementor-element elementor-element-17b7ab5 elementor-widget elementor-widget-text-editor\" data-id=\"17b7ab5\" data-element_type=\"widget\" data-e-type=\"widget\" data-widget_type=\"text-editor.default\">\n\t\t\t\t\t\t\t\t\t<h3><strong>Retningslinjer for informasjonskapsler for <a href=\"https:\/\/dev.ibinternational.it\/nb\/\" target=\"_blank\" rel=\"noopener noreferrer\">ibinternational.no<\/a><\/strong><\/h3><p><strong>Dato for siste oppdatering:<\/strong> 07\/10\/2025<\/p><p>Disse retningslinjene for informasjonskapsler forklarer hva informasjonskapsler er, hvordan vi bruker dem p\u00e5 nettstedet\u00a0<strong><a href=\"https:\/\/dev.ibinternational.it\/nb\/\" target=\"_blank\" rel=\"noopener noreferrer\">ibinternational.no<\/a><\/strong>\u00a0(heretter kalt \u201cnettstedet\u201d) og hvordan du kan administrere dine preferanser i denne forbindelse.<\/p><p><strong>Hva er informasjonskapsler?<\/strong><br \/>Informasjonskapsler er sm\u00e5 tekstfiler som nettsteder du bes\u00f8ker, sender og lagrer p\u00e5 datamaskinen eller mobilenheten din, slik at de kan sendes tilbake til de samme nettstedene neste gang du bes\u00f8ker dem. Takket v\u00e6re informasjonskapsler husker et nettsted brukerens handlinger og preferanser (f.eks. innloggingsdetaljer, standardspr\u00e5k, visningsinnstillinger osv.), slik at de ikke trenger \u00e5 tilbakestilles n\u00e5r brukeren bes\u00f8ker nettstedet igjen eller navigerer fra en side til en annen.<\/p><p><strong>Typer informasjonskapsler som brukes p\u00e5 dette nettstedet<\/strong><\/p><p>Nettstedet bruker ulike typer informasjonskapsler, hver med en spesifikk funksjon.<\/p><ol start=\"1\"><li><p><strong>Tekniske informasjonskapsler (p\u00e5krevd)<\/strong><br \/>Disse informasjonskapslene er avgj\u00f8rende for at nettstedet skal fungere p\u00e5 riktig m\u00e5te. De gj\u00f8r det mulig \u00e5 navigere, lagre samtykkepreferansene dine og s\u00f8rge for sikkerheten p\u00e5 nettstedet. Uten disse informasjonskapslene ville ikke nettstedet fungert som det skal. De krever ikke ditt forh\u00e5ndssamtykke.<\/p><\/li><li><p><strong>Analytiske og statistiske informasjonskapsler<\/strong><br \/>Disse informasjonskapslene hjelper oss \u00e5 forst\u00e5 hvordan brukerne samhandler med nettstedet ved \u00e5 samle inn informasjon i anonym og samlet form om antall bes\u00f8kende, de mest popul\u00e6re sidene som bes\u00f8kes, hvor trafikken kommer fra og generell surfeatferd. Disse dataene gj\u00f8r det mulig for oss \u00e5 forbedre innholdet og brukeropplevelsen.<\/p><\/li><li><p><strong>Informasjonskapsler for reklame og m\u00e5lretting<\/strong><br \/>Disse informasjonskapslene brukes til \u00e5 vise deg annonser som er mer relevante for dine interesser, b\u00e5de p\u00e5 nettstedet v\u00e5rt og p\u00e5 andre plattformer. De kan ogs\u00e5 brukes til \u00e5 begrense antall ganger du ser en annonse, og til \u00e5 m\u00e5le effektiviteten av en reklamekampanje.<\/p><\/li><\/ol><p><strong>Administrere innstillinger for informasjonskapsler<\/strong><\/p><p>N\u00e5r du f\u00f8rst g\u00e5r inn p\u00e5 nettstedet, vil et samtykkebanner gi deg et tydelig valg. Det kan du gj\u00f8re:<\/p><ul><li><p><strong>Godta alle informasjonskapsler<\/strong>\u00a0(teknisk, analytisk og reklame).<\/p><\/li><li><p><strong>Avvis alle informasjonskapsler<\/strong>\u00a0bortsett fra de tekniske.<\/p><\/li><li><p><strong>Tilpass valgene dine<\/strong>\u00a0ved \u00e5 velge de ulike kategoriene av informasjonskapsler du \u00f8nsker \u00e5 aktivere.<\/p><\/li><\/ul><p>Du kan n\u00e5r som helst endre eller tilbakekalle samtykket ditt ved \u00e5 g\u00e5 til panelet for informasjonskapselinnstillinger, som du finner via en lenke i bunnteksten p\u00e5 nettstedet, vanligvis omtalt som \u201cCookie preferences\u201d eller \u201cCookie management\u201d.<\/p><p>I tillegg kan du administrere informasjonskapsler direkte fra innstillingene i nettleseren din, og bestemme hvilke informasjonskapsler du vil slette eller blokkere. Hvis du blokkerer alle informasjonskapsler, kan det imidlertid hende at enkelte funksjoner p\u00e5 nettstedet ikke lenger er tilgjengelige.<\/p><ul><li><p><a href=\"https:\/\/support.google.com\/chrome\/answer\/95647\" target=\"_blank\" rel=\"noopener noreferrer\">Instruksjoner for Chrome<\/a><\/p><\/li><li><p><a href=\"https:\/\/support.mozilla.org\/it\/kb\/attivare-e-disattivare-i-cookie\" target=\"_blank\" rel=\"noopener noreferrer\">Instruksjoner for Firefox<\/a><\/p><\/li><li><p><a href=\"https:\/\/support.apple.com\/it-it\/guide\/safari\/sfri11471\/mac\" target=\"_blank\" rel=\"noopener noreferrer\">Instruksjoner for Safari<\/a><\/p><\/li><li><p><a href=\"https:\/\/support.microsoft.com\/it-it\/microsoft-edge\/eliminare-i-cookie-in-microsoft-edge-63947406-40ac-c3b8-57b9-2a946a29ae09\" target=\"_blank\" rel=\"noopener noreferrer\">Instruksjoner for Edge<\/a><\/p><\/li><\/ul><p><strong>Detaljer om informasjonskapsler og tredjepartstjenester<\/strong><\/p><p>Tabellen nedenfor viser informasjonskapslene og tredjepartstjenestene som brukes p\u00e5 nettstedet.<\/p><div><div><div><div>\u00a0<\/div><\/div><div>\u00a0<\/div><\/div><table><thead><tr><th>Kategori<\/th><th>Tjenestens navn<\/th><th>Leverand\u00f8r<\/th><th>Form\u00e5l<\/th><th>Varighet<\/th><th>Innsamlede data (anonymisert)<\/th><\/tr><\/thead><tbody><tr><td><strong>Teknikere<\/strong><\/td><td>LiteSpeed Cache<\/td><td>LiteSpeed Technologies<\/td><td>Caching av innhold for \u00e5 forbedre ytelsen p\u00e5 nettstedet.<\/td><td>Sesjon<\/td><td>Tekniske \u00f8ktdata<\/td><\/tr><tr><td><strong>Teknikere<\/strong><\/td><td>Cloudflare<\/td><td>Cloudflare, Inc.<\/td><td>Sikkerhet og beskyttelse mot cyberangrep (DDoS), optimalisering av innholdsdistribusjon (CDN).<\/td><td>Opp til 1 \u00e5r<\/td><td>IP-adresse, loggdata (behandles for sikkerhetsform\u00e5l)<\/td><\/tr><tr><td><strong>Analyse<\/strong><\/td><td>Google Analytics 4 (GA4)<\/td><td>Google Ireland Ltd.<\/td><td>Aggregert statistisk analyse av trafikk og brukeratferd p\u00e5 nettstedet.<\/td><td>Opp til 24 m\u00e5neder<\/td><td>IP-adresse (anonymisert), \u00f8ktdata, bes\u00f8kte sider, varighet av bes\u00f8ket, enhet og nettleser som brukes.<\/td><\/tr><tr><td><strong>Analyse<\/strong><\/td><td>Microsoft Clarity<\/td><td>Microsoft Corporation<\/td><td>Analyse av brukeropplevelsen ved hjelp av \u00f8ktopptak og heatmaps for \u00e5 identifisere brukervennlighetsproblemer.<\/td><td>Opp til 12 m\u00e5neder<\/td><td>Klikk, bla, musebevegelser, \u00f8ktdata (alt anonymisert).<\/td><\/tr><tr><td><strong>Annonse<\/strong><\/td><td>Google Ads<\/td><td>Google Ireland Ltd.<\/td><td>Remarketing, opprettelse av tilpassede annonser basert p\u00e5 atferd p\u00e5 nettstedet, m\u00e5ling av kampanjeytelse.<\/td><td>Opp til 90 dager<\/td><td>Informasjonskapsel-ID, bes\u00f8kte sider, utf\u00f8rte handlinger.<\/td><\/tr><tr><td><strong>Teknikere\/Funz.<\/strong><\/td><td>Google Search Console<\/td><td>Google Ireland Ltd.<\/td><td>Overv\u00e5king av nettstedets ytelse i Googles s\u00f8keresultater.<\/td><td>-<\/td><td>Aggregerte og anonyme forskningsdata.<\/td><\/tr><tr><td><strong>Teknikere<\/strong><\/td><td>Google Site Kit<\/td><td>Google Ireland Ltd.<\/td><td>Integrasjonsplugin for Google-tjenester (Analytics, Search Console). Samler ikke inn data p\u00e5 egen h\u00e5nd.<\/td><td>-<\/td><td>-<\/td><\/tr><tr><td><strong>Teknikere<\/strong><\/td><td>Elementor Pro<\/td><td>Elementor Ltd.<\/td><td>Funksjonalitet for \u00e5 opprette og vise websider. Kontaktskjemaer lagrer innsendte data lokalt.<\/td><td>Sesjon<\/td><td>Data som legges inn i skjemaer (administreres av behandlingsansvarlig)<\/td><\/tr><\/tbody><\/table><\/div><p><strong>Overf\u00f8ring av data utenfor EU<\/strong><\/p><p>Noen av tjenestene som er oppf\u00f8rt (spesielt Google Analytics, Microsoft Clarity og Cloudflare) leveres av selskaper basert i USA. Overf\u00f8ringen av opplysningene dine til dette landet skjer i samsvar med de garantier som loven gir, s\u00e6rlig leverand\u00f8renes overholdelse av\u00a0<strong>Rammeverk for personvern mellom EU og USA<\/strong>, en avtale om tilstrekkelig beskyttelsesniv\u00e5 som er anerkjent av EU-kommisjonen.<\/p><p><strong>Kontakt<\/strong><\/p><p>Hvis du har sp\u00f8rsm\u00e5l om disse retningslinjene for informasjonskapsler eller \u00f8nsker \u00e5 ut\u00f8ve dine personvernrettigheter, kan du kontakte behandlingsansvarlig p\u00e5 kontaktopplysningene som er angitt i v\u00e5r <a href=\"https:\/\/dev.ibinternational.it\/nb\/personvernerklaering\/\">Retningslinjer for personvern<\/a>.<\/p><p>Behandlingsansvarlig er:<br \/><strong>IB International Real Estate s.r.l.<\/strong><br \/>Med hovedkontor i: Via Roma 2\/10, Genova - 16121<br \/>E-post for personvern: <a href=\"https:\/\/mailto:info@ibinternational.it\/\" target=\"_blank\" rel=\"noopener noreferrer\">info@ibinternational.it<\/a><\/p>\t\t\t\t\t\t\t\t<\/div>\n\t\t\t\t\t<\/div>\n\t\t<\/div>\n\t\t\t\t\t<\/div>\n\t\t<\/section>\n\t\t\t\t<\/div>","protected":false},"excerpt":{"rendered":"<p>Cookie Policy per ibinternational.it Data Ultimo Aggiornamento: 07\/10\/2025 Questa Cookie Policy spiega cosa sono i cookie, come li utilizziamo sul sito web\u00a0ibinternational.it\u00a0(di seguito, &#8220;il Sito&#8221;) e come puoi gestire le tue preferenze al riguardo. Cosa sono i Cookie?I cookie sono piccoli file di testo che i siti visitati dall&#8217;utente inviano e registrano sul suo computer [&hellip;]<\/p>\n","protected":false},"author":1,"featured_media":0,"parent":0,"menu_order":13,"comment_status":"closed","ping_status":"closed","template":"elementor_header_footer","meta":{"footnotes":""},"class_list":["post-333248","page","type-page","status-publish","hentry"],"yoast_head":"<!-- This site is optimized with the Yoast SEO plugin v27.3 - https:\/\/yoast.com\/product\/yoast-seo-wordpress\/ -->\n<title>Cookie Policy (EU) - IB International Real Estate<\/title>\n<meta name=\"robots\" content=\"noindex, follow, max-snippet:-1, max-image-preview:large, max-video-preview:-1\" \/>\n<meta property=\"og:locale\" content=\"nb_NO\" \/>\n<meta property=\"og:type\" content=\"article\" \/>\n<meta property=\"og:title\" content=\"Cookie Policy (EU) - IB International Real Estate\" \/>\n<meta property=\"og:description\" content=\"Cookie Policy per ibinternational.it Data Ultimo Aggiornamento: 07\/10\/2025 Questa Cookie Policy spiega cosa sono i cookie, come li utilizziamo sul sito web\u00a0ibinternational.it\u00a0(di seguito, &#8220;il Sito&#8221;) e come puoi gestire le tue preferenze al riguardo. Cosa sono i Cookie?I cookie sono piccoli file di testo che i siti visitati dall&#8217;utente inviano e registrano sul suo computer [&hellip;]\" \/>\n<meta property=\"og:url\" content=\"https:\/\/dev.ibinternational.it\/nb\/retningslinjer-for-informasjonskapsler-eu\/\" \/>\n<meta property=\"og:site_name\" content=\"IB International Real Estate\" \/>\n<meta property=\"article:publisher\" content=\"https:\/\/www.facebook.com\/IBInternationalRealEstate\/\" \/>\n<meta property=\"article:modified_time\" content=\"2025-11-04T11:58:42+00:00\" \/>\n<meta name=\"twitter:card\" content=\"summary_large_image\" \/>\n<script type=\"application\/ld+json\" class=\"yoast-schema-graph\">{\"@context\":\"https:\\\/\\\/schema.org\",\"@graph\":[{\"@type\":\"WebPage\",\"@id\":\"https:\\\/\\\/dev.ibinternational.it\\\/cookie-policy-eu\\\/\",\"url\":\"https:\\\/\\\/dev.ibinternational.it\\\/cookie-policy-eu\\\/\",\"name\":\"Cookie Policy (EU) - IB International Real Estate\",\"isPartOf\":{\"@id\":\"https:\\\/\\\/dev.ibinternational.it\\\/#website\"},\"datePublished\":\"2022-06-13T11:07:23+00:00\",\"dateModified\":\"2025-11-04T11:58:42+00:00\",\"breadcrumb\":{\"@id\":\"https:\\\/\\\/dev.ibinternational.it\\\/cookie-policy-eu\\\/#breadcrumb\"},\"inLanguage\":\"nb-NO\",\"potentialAction\":[{\"@type\":\"ReadAction\",\"target\":[\"https:\\\/\\\/dev.ibinternational.it\\\/cookie-policy-eu\\\/\"]}]},{\"@type\":\"BreadcrumbList\",\"@id\":\"https:\\\/\\\/dev.ibinternational.it\\\/cookie-policy-eu\\\/#breadcrumb\",\"itemListElement\":[{\"@type\":\"ListItem\",\"position\":1,\"name\":\"Home\",\"item\":\"https:\\\/\\\/dev.ibinternational.it\\\/\"},{\"@type\":\"ListItem\",\"position\":2,\"name\":\"Cookie Policy (EU)\"}]},{\"@type\":\"WebSite\",\"@id\":\"https:\\\/\\\/dev.ibinternational.it\\\/#website\",\"url\":\"https:\\\/\\\/dev.ibinternational.it\\\/\",\"name\":\"IB International Real Estate\",\"description\":\"IB International\",\"publisher\":{\"@id\":\"https:\\\/\\\/dev.ibinternational.it\\\/#organization\"},\"potentialAction\":[{\"@type\":\"SearchAction\",\"target\":{\"@type\":\"EntryPoint\",\"urlTemplate\":\"https:\\\/\\\/dev.ibinternational.it\\\/?s={search_term_string}\"},\"query-input\":{\"@type\":\"PropertyValueSpecification\",\"valueRequired\":true,\"valueName\":\"search_term_string\"}}],\"inLanguage\":\"nb-NO\"},{\"@type\":\"Organization\",\"@id\":\"https:\\\/\\\/dev.ibinternational.it\\\/#organization\",\"name\":\"IB International Real Estate\",\"url\":\"https:\\\/\\\/dev.ibinternational.it\\\/\",\"logo\":{\"@type\":\"ImageObject\",\"inLanguage\":\"nb-NO\",\"@id\":\"https:\\\/\\\/dev.ibinternational.it\\\/#\\\/schema\\\/logo\\\/image\\\/\",\"url\":\"https:\\\/\\\/dev.ibinternational.it\\\/wp-content\\\/uploads\\\/2021\\\/03\\\/Logo-IBInternational-grey-200.png\",\"contentUrl\":\"https:\\\/\\\/dev.ibinternational.it\\\/wp-content\\\/uploads\\\/2021\\\/03\\\/Logo-IBInternational-grey-200.png\",\"width\":200,\"height\":200,\"caption\":\"IB International Real Estate\"},\"image\":{\"@id\":\"https:\\\/\\\/dev.ibinternational.it\\\/#\\\/schema\\\/logo\\\/image\\\/\"},\"sameAs\":[\"https:\\\/\\\/www.facebook.com\\\/IBInternationalRealEstate\\\/\",\"https:\\\/\\\/www.linkedin.com\\\/company\\\/ib-international-real-estate\\\/\"]}]}<\/script>\n<!-- \/ Yoast SEO plugin. -->","yoast_head_json":{"title":"Retningslinjer for informasjonskapsler (EU) - IB International Real Estate","robots":{"index":"noindex","follow":"follow","max-snippet":"max-snippet:-1","max-image-preview":"max-image-preview:large","max-video-preview":"max-video-preview:-1"},"og_locale":"nb_NO","og_type":"article","og_title":"Cookie Policy (EU) - IB International Real Estate","og_description":"Cookie Policy per ibinternational.it Data Ultimo Aggiornamento: 07\/10\/2025 Questa Cookie Policy spiega cosa sono i cookie, come li utilizziamo sul sito web\u00a0ibinternational.it\u00a0(di seguito, &#8220;il Sito&#8221;) e come puoi gestire le tue preferenze al riguardo. Cosa sono i Cookie?I cookie sono piccoli file di testo che i siti visitati dall&#8217;utente inviano e registrano sul suo computer [&hellip;]","og_url":"https:\/\/dev.ibinternational.it\/nb\/retningslinjer-for-informasjonskapsler-eu\/","og_site_name":"IB International Real Estate","article_publisher":"https:\/\/www.facebook.com\/IBInternationalRealEstate\/","article_modified_time":"2025-11-04T11:58:42+00:00","twitter_card":"summary_large_image","schema":{"@context":"https:\/\/schema.org","@graph":[{"@type":"WebPage","@id":"https:\/\/dev.ibinternational.it\/cookie-policy-eu\/","url":"https:\/\/dev.ibinternational.it\/cookie-policy-eu\/","name":"Retningslinjer for informasjonskapsler (EU) - IB International Real Estate","isPartOf":{"@id":"https:\/\/dev.ibinternational.it\/#website"},"datePublished":"2022-06-13T11:07:23+00:00","dateModified":"2025-11-04T11:58:42+00:00","breadcrumb":{"@id":"https:\/\/dev.ibinternational.it\/cookie-policy-eu\/#breadcrumb"},"inLanguage":"nb-NO","potentialAction":[{"@type":"ReadAction","target":["https:\/\/dev.ibinternational.it\/cookie-policy-eu\/"]}]},{"@type":"BreadcrumbList","@id":"https:\/\/dev.ibinternational.it\/cookie-policy-eu\/#breadcrumb","itemListElement":[{"@type":"ListItem","position":1,"name":"Home","item":"https:\/\/dev.ibinternational.it\/"},{"@type":"ListItem","position":2,"name":"Cookie Policy (EU)"}]},{"@type":"WebSite","@id":"https:\/\/dev.ibinternational.it\/#website","url":"https:\/\/dev.ibinternational.it\/","name":"IB International Real Estate","description":"IB International","publisher":{"@id":"https:\/\/dev.ibinternational.it\/#organization"},"potentialAction":[{"@type":"SearchAction","target":{"@type":"EntryPoint","urlTemplate":"https:\/\/dev.ibinternational.it\/?s={search_term_string}"},"query-input":{"@type":"PropertyValueSpecification","valueRequired":true,"valueName":"search_term_string"}}],"inLanguage":"nb-NO"},{"@type":"Organization","@id":"https:\/\/dev.ibinternational.it\/#organization","name":"IB International Real Estate","url":"https:\/\/dev.ibinternational.it\/","logo":{"@type":"ImageObject","inLanguage":"nb-NO","@id":"https:\/\/dev.ibinternational.it\/#\/schema\/logo\/image\/","url":"https:\/\/dev.ibinternational.it\/wp-content\/uploads\/2021\/03\/Logo-IBInternational-grey-200.png","contentUrl":"https:\/\/dev.ibinternational.it\/wp-content\/uploads\/2021\/03\/Logo-IBInternational-grey-200.png","width":200,"height":200,"caption":"IB International Real Estate"},"image":{"@id":"https:\/\/dev.ibinternational.it\/#\/schema\/logo\/image\/"},"sameAs":["https:\/\/www.facebook.com\/IBInternationalRealEstate\/","https:\/\/www.linkedin.com\/company\/ib-international-real-estate\/"]}]}},"_links":{"self":[{"href":"https:\/\/dev.ibinternational.it\/nb\/wp-json\/wp\/v2\/pages\/333248","targetHints":{"allow":["GET"]}}],"collection":[{"href":"https:\/\/dev.ibinternational.it\/nb\/wp-json\/wp\/v2\/pages"}],"about":[{"href":"https:\/\/dev.ibinternational.it\/nb\/wp-json\/wp\/v2\/types\/page"}],"author":[{"embeddable":true,"href":"https:\/\/dev.ibinternational.it\/nb\/wp-json\/wp\/v2\/users\/1"}],"replies":[{"embeddable":true,"href":"https:\/\/dev.ibinternational.it\/nb\/wp-json\/wp\/v2\/comments?post=333248"}],"version-history":[{"count":5,"href":"https:\/\/dev.ibinternational.it\/nb\/wp-json\/wp\/v2\/pages\/333248\/revisions"}],"predecessor-version":[{"id":513606,"href":"https:\/\/dev.ibinternational.it\/nb\/wp-json\/wp\/v2\/pages\/333248\/revisions\/513606"}],"wp:attachment":[{"href":"https:\/\/dev.ibinternational.it\/nb\/wp-json\/wp\/v2\/media?parent=333248"}],"curies":[{"name":"wp","href":"https:\/\/api.w.org\/{rel}","templated":true}]}}