{"id":333248,"date":"2022-06-13T13:07:23","date_gmt":"2022-06-13T11:07:23","guid":{"rendered":"https:\/\/ibinternational.it\/cookie-policy-eu\/"},"modified":"2025-11-04T12:58:42","modified_gmt":"2025-11-04T11:58:42","slug":"politique-en-matiere-de-cookies-de-lue","status":"publish","type":"page","link":"https:\/\/dev.ibinternational.it\/fr\/politique-en-matiere-de-cookies-de-lue\/","title":{"rendered":"Politique en mati\u00e8re de cookies (UE)"},"content":{"rendered":"<div data-elementor-type=\"wp-page\" data-elementor-id=\"333248\" class=\"elementor elementor-333248\" data-elementor-post-type=\"page\">\n\t\t\t\t\t\t<section class=\"elementor-section elementor-top-section elementor-element elementor-element-f419fd0 elementor-section-boxed elementor-section-height-default elementor-section-height-default\" data-id=\"f419fd0\" data-element_type=\"section\" data-e-type=\"section\">\n\t\t\t\t\t\t<div class=\"elementor-container elementor-column-gap-default\">\n\t\t\t\t\t<div class=\"elementor-column elementor-col-100 elementor-top-column elementor-element elementor-element-db31f94\" data-id=\"db31f94\" data-element_type=\"column\" data-e-type=\"column\">\n\t\t\t<div class=\"elementor-widget-wrap elementor-element-populated\">\n\t\t\t\t\t\t<div class=\"elementor-element elementor-element-17b7ab5 elementor-widget elementor-widget-text-editor\" data-id=\"17b7ab5\" data-element_type=\"widget\" data-e-type=\"widget\" data-widget_type=\"text-editor.default\">\n\t\t\t\t\t\t\t\t\t<h3><strong>Politique en mati\u00e8re de cookies pour <a href=\"https:\/\/dev.ibinternational.it\/fr\/\" target=\"_blank\" rel=\"noopener noreferrer\">ibinternational.co.uk<\/a><\/strong><\/h3><p><strong>Date de la derni\u00e8re mise \u00e0 jour :<\/strong> 07\/10\/2025<\/p><p>La pr\u00e9sente politique en mati\u00e8re de cookies explique ce que sont les cookies et comment nous les utilisons sur le site web.\u00a0<strong><a href=\"https:\/\/dev.ibinternational.it\/fr\/\" target=\"_blank\" rel=\"noopener noreferrer\">ibinternational.co.uk<\/a><\/strong>\u00a0(ci-apr\u00e8s, \u201cle site\u201d) et comment vous pouvez g\u00e9rer vos pr\u00e9f\u00e9rences \u00e0 cet \u00e9gard.<\/p><p><strong>Qu'est-ce qu'un cookie ?<\/strong><br \/>Les cookies sont de petits fichiers texte que les sites que vous visitez envoient et stockent sur votre ordinateur ou votre appareil mobile, pour les retransmettre aux m\u00eames sites lors de votre prochaine visite. Gr\u00e2ce aux cookies, un site se souvient des actions et des pr\u00e9f\u00e9rences de l'utilisateur (par exemple, les donn\u00e9es de connexion, la langue par d\u00e9faut, les param\u00e8tres d'affichage, etc.), de sorte qu'il n'est pas n\u00e9cessaire de les r\u00e9initialiser lorsque l'utilisateur visite \u00e0 nouveau le site ou navigue d'une page \u00e0 l'autre.<\/p><p><strong>Types de cookies utilis\u00e9s sur ce site<\/strong><\/p><p>Le site utilise diff\u00e9rents types de cookies, chacun ayant une fonction sp\u00e9cifique.<\/p><ol start=\"1\"><li><p><strong>Cookies techniques (obligatoire)<\/strong><br \/>Ces cookies sont essentiels au bon fonctionnement du site. Ils permettent la navigation, le stockage de vos pr\u00e9f\u00e9rences en mati\u00e8re de consentement et assurent la s\u00e9curit\u00e9 du site. Sans ces cookies, le Site ne fonctionnerait pas correctement. Ils ne n\u00e9cessitent pas votre consentement pr\u00e9alable.<\/p><\/li><li><p><strong>Cookies analytiques et statistiques<\/strong><br \/>Ces cookies nous aident \u00e0 comprendre comment les utilisateurs interagissent avec le site en collectant des informations sous une forme anonyme et agr\u00e9g\u00e9e sur le nombre de visiteurs, les pages les plus visit\u00e9es, la provenance du trafic et le comportement g\u00e9n\u00e9ral de navigation. Ces donn\u00e9es nous permettent d'am\u00e9liorer notre contenu et l'exp\u00e9rience des utilisateurs.<\/p><\/li><li><p><strong>Cookies publicitaires et de ciblage<\/strong><br \/>Ces cookies sont utilis\u00e9s pour vous montrer des publicit\u00e9s qui correspondent mieux \u00e0 vos int\u00e9r\u00eats, \u00e0 la fois sur notre site et sur d'autres plateformes. Ils peuvent \u00e9galement \u00eatre utilis\u00e9s pour limiter le nombre de fois que vous voyez une publicit\u00e9 et pour mesurer l'efficacit\u00e9 d'une campagne publicitaire.<\/p><\/li><\/ol><p><strong>Gestion des pr\u00e9f\u00e9rences en mati\u00e8re de cookies<\/strong><\/p><p>Lorsque vous acc\u00e9dez au site pour la premi\u00e8re fois, une banni\u00e8re de consentement vous propose un choix clair. Vous pouvez :<\/p><ul><li><p><strong>Accepter tous les cookies<\/strong>\u00a0(technique, analytique et publicitaire).<\/p><\/li><li><p><strong>Refuser tous les cookies<\/strong>\u00a0\u00e0 l'exception des aspects techniques.<\/p><\/li><li><p><strong>Personnalisez vos choix<\/strong>\u00a0en s\u00e9lectionnant individuellement les cat\u00e9gories de cookies que vous souhaitez activer.<\/p><\/li><\/ul><p>Vous pouvez \u00e0 tout moment modifier ou r\u00e9voquer votre consentement en acc\u00e9dant au panneau des pr\u00e9f\u00e9rences en mati\u00e8re de cookies, accessible via un lien situ\u00e9 dans le pied de page du site, g\u00e9n\u00e9ralement appel\u00e9 \u201cPr\u00e9f\u00e9rences en mati\u00e8re de cookies\u201d ou \u201cGestion des cookies\u201d.<\/p><p>En outre, vous pouvez g\u00e9rer les cookies directement \u00e0 partir des param\u00e8tres de votre navigateur, en d\u00e9cidant quels cookies supprimer ou bloquer. Toutefois, si vous bloquez tous les cookies, il se peut que certaines fonctionnalit\u00e9s du site ne soient plus disponibles.<\/p><ul><li><p><a href=\"https:\/\/support.google.com\/chrome\/answer\/95647\" target=\"_blank\" rel=\"noopener noreferrer\">Instructions pour Chrome<\/a><\/p><\/li><li><p><a href=\"https:\/\/support.mozilla.org\/it\/kb\/attivare-e-disattivare-i-cookie\" target=\"_blank\" rel=\"noopener noreferrer\">Instructions pour Firefox<\/a><\/p><\/li><li><p><a href=\"https:\/\/support.apple.com\/it-it\/guide\/safari\/sfri11471\/mac\" target=\"_blank\" rel=\"noopener noreferrer\">Instructions pour Safari<\/a><\/p><\/li><li><p><a href=\"https:\/\/support.microsoft.com\/it-it\/microsoft-edge\/eliminare-i-cookie-in-microsoft-edge-63947406-40ac-c3b8-57b9-2a946a29ae09\" target=\"_blank\" rel=\"noopener noreferrer\">Instructions pour le bord<\/a><\/p><\/li><\/ul><p><strong>D\u00e9tails des cookies et des services de tiers<\/strong><\/p><p>Le tableau suivant d\u00e9taille les cookies et les services tiers utilis\u00e9s sur le site.<\/p><div><div><div><div>\u00a0<\/div><\/div><div>\u00a0<\/div><\/div><table><thead><tr><th>Cat\u00e9gorie<\/th><th>Nom du service<\/th><th>Fournisseur<\/th><th>Objectif<\/th><th>Dur\u00e9e de l'accord<\/th><th>Donn\u00e9es collect\u00e9es (anonymis\u00e9es)<\/th><\/tr><\/thead><tbody><tr><td><strong>Techniciens<\/strong><\/td><td>LiteSpeed Cache<\/td><td>LiteSpeed Technologies<\/td><td>la mise en cache du contenu afin d'am\u00e9liorer les performances du site.<\/td><td>Session<\/td><td>Donn\u00e9es techniques de la session<\/td><\/tr><tr><td><strong>Techniciens<\/strong><\/td><td>Cloudflare<\/td><td>Cloudflare, Inc.<\/td><td>S\u00e9curit\u00e9 et protection contre les cyberattaques (DDoS), optimisation de la distribution de contenu (CDN).<\/td><td>Jusqu'\u00e0 1 an<\/td><td>Adresse IP, donn\u00e9es de connexion (trait\u00e9es \u00e0 des fins de s\u00e9curit\u00e9)<\/td><\/tr><tr><td><strong>Analyse<\/strong><\/td><td>Google Analytics 4 (GA4)<\/td><td>Google Ireland Ltd.<\/td><td>Analyse statistique globale du trafic et du comportement des utilisateurs sur le site.<\/td><td>Jusqu'\u00e0 24 mois<\/td><td>Adresse IP (anonymis\u00e9e), donn\u00e9es de session, pages visit\u00e9es, dur\u00e9e de la visite, appareil et navigateur utilis\u00e9s.<\/td><\/tr><tr><td><strong>Analyse<\/strong><\/td><td>Microsoft Clarity<\/td><td>Microsoft Corporation<\/td><td>Analyse de l'exp\u00e9rience de l'utilisateur par l'enregistrement des sessions et des cartes thermiques afin d'identifier les probl\u00e8mes de convivialit\u00e9.<\/td><td>Jusqu'\u00e0 12 mois<\/td><td>Clic, d\u00e9filement, mouvement de la souris, donn\u00e9es de session (toutes anonymes).<\/td><\/tr><tr><td><strong>Publicit\u00e9<\/strong><\/td><td>Annonces Google<\/td><td>Google Ireland Ltd.<\/td><td>Remarketing, cr\u00e9ation de publicit\u00e9s personnalis\u00e9es bas\u00e9es sur le comportement sur le site, mesure de la performance de la campagne.<\/td><td>Jusqu'\u00e0 90 jours<\/td><td>ID du cookie, pages visit\u00e9es, actions entreprises.<\/td><\/tr><tr><td><strong>Techniciens\/Funz.<\/strong><\/td><td>Google Search Console<\/td><td>Google Ireland Ltd.<\/td><td>Contr\u00f4ler les performances du site dans les r\u00e9sultats de recherche de Google.<\/td><td>-<\/td><td>Donn\u00e9es de recherche agr\u00e9g\u00e9es et anonymes.<\/td><\/tr><tr><td><strong>Techniciens<\/strong><\/td><td>Kit Site Google<\/td><td>Google Ireland Ltd.<\/td><td>Plugin d'int\u00e9gration pour les services Google (Analytics, Search Console). Ne collecte pas de donn\u00e9es de mani\u00e8re ind\u00e9pendante.<\/td><td>-<\/td><td>-<\/td><\/tr><tr><td><strong>Techniciens<\/strong><\/td><td>Elementor Pro<\/td><td>Elementor Ltd.<\/td><td>Fonctionnalit\u00e9 permettant de cr\u00e9er et d'afficher des pages web. Les formulaires de contact stockent localement les donn\u00e9es soumises.<\/td><td>Session<\/td><td>Donn\u00e9es saisies dans des formulaires (g\u00e9r\u00e9s par le contr\u00f4leur)<\/td><\/tr><\/tbody><\/table><\/div><p><strong>Transfert de donn\u00e9es en dehors de l'UE<\/strong><\/p><p>Certains des services cit\u00e9s (notamment Google Analytics, Microsoft Clarity et Cloudflare) sont fournis par des soci\u00e9t\u00e9s bas\u00e9es aux Etats-Unis d'Am\u00e9rique. Le transfert de vos donn\u00e9es vers ce pays s'effectue dans le respect des garanties pr\u00e9vues par la loi, notamment l'adh\u00e9sion des prestataires \u00e0 la\u00a0<strong>Cadre de protection des donn\u00e9es entre l'UE et les \u00c9tats-Unis<\/strong>, un accord d'ad\u00e9quation reconnu par la Commission europ\u00e9enne.<\/p><p><strong>Contact<\/strong><\/p><p>Si vous avez des questions concernant la pr\u00e9sente politique en mati\u00e8re de cookies ou si vous souhaitez exercer vos droits en mati\u00e8re de protection de la vie priv\u00e9e, veuillez contacter le contr\u00f4leur des donn\u00e9es aux coordonn\u00e9es indiqu\u00e9es dans notre site web. <a href=\"https:\/\/dev.ibinternational.it\/fr\/politique-de-confidentialite\/\">Politique de confidentialit\u00e9<\/a>.<\/p><p>Le contr\u00f4leur des donn\u00e9es est :<br \/><strong>IB International Real Estate s.r.l.<\/strong><br \/>Avec si\u00e8ge social \u00e0 : Via Roma 2\/10, G\u00eanes - 16121<br \/>Courriel pour la protection de la vie priv\u00e9e : <a href=\"https:\/\/mailto:info@ibinternational.it\/\" target=\"_blank\" rel=\"noopener noreferrer\">info@ibinternational.it<\/a><\/p>\t\t\t\t\t\t\t\t<\/div>\n\t\t\t\t\t<\/div>\n\t\t<\/div>\n\t\t\t\t\t<\/div>\n\t\t<\/section>\n\t\t\t\t<\/div>","protected":false},"excerpt":{"rendered":"<p>Cookie Policy per ibinternational.it Data Ultimo Aggiornamento: 07\/10\/2025 Questa Cookie Policy spiega cosa sono i cookie, come li utilizziamo sul sito web\u00a0ibinternational.it\u00a0(di seguito, &#8220;il Sito&#8221;) e come puoi gestire le tue preferenze al riguardo. Cosa sono i Cookie?I cookie sono piccoli file di testo che i siti visitati dall&#8217;utente inviano e registrano sul suo computer [&hellip;]<\/p>\n","protected":false},"author":1,"featured_media":0,"parent":0,"menu_order":13,"comment_status":"closed","ping_status":"closed","template":"elementor_header_footer","meta":{"footnotes":""},"class_list":["post-333248","page","type-page","status-publish","hentry"],"yoast_head":"<!-- This site is optimized with the Yoast SEO plugin v27.3 - https:\/\/yoast.com\/product\/yoast-seo-wordpress\/ -->\n<title>Cookie Policy (EU) - IB International Real Estate<\/title>\n<meta name=\"robots\" content=\"noindex, follow, max-snippet:-1, max-image-preview:large, max-video-preview:-1\" \/>\n<meta property=\"og:locale\" content=\"fr_FR\" \/>\n<meta property=\"og:type\" content=\"article\" \/>\n<meta property=\"og:title\" content=\"Cookie Policy (EU) - IB International Real Estate\" \/>\n<meta property=\"og:description\" content=\"Cookie Policy per ibinternational.it Data Ultimo Aggiornamento: 07\/10\/2025 Questa Cookie Policy spiega cosa sono i cookie, come li utilizziamo sul sito web\u00a0ibinternational.it\u00a0(di seguito, &#8220;il Sito&#8221;) e come puoi gestire le tue preferenze al riguardo. Cosa sono i Cookie?I cookie sono piccoli file di testo che i siti visitati dall&#8217;utente inviano e registrano sul suo computer [&hellip;]\" \/>\n<meta property=\"og:url\" content=\"https:\/\/dev.ibinternational.it\/fr\/politique-en-matiere-de-cookies-de-lue\/\" \/>\n<meta property=\"og:site_name\" content=\"IB International Real Estate\" \/>\n<meta property=\"article:publisher\" content=\"https:\/\/www.facebook.com\/IBInternationalRealEstate\/\" \/>\n<meta property=\"article:modified_time\" content=\"2025-11-04T11:58:42+00:00\" \/>\n<meta name=\"twitter:card\" content=\"summary_large_image\" \/>\n<script type=\"application\/ld+json\" class=\"yoast-schema-graph\">{\"@context\":\"https:\\\/\\\/schema.org\",\"@graph\":[{\"@type\":\"WebPage\",\"@id\":\"https:\\\/\\\/dev.ibinternational.it\\\/cookie-policy-eu\\\/\",\"url\":\"https:\\\/\\\/dev.ibinternational.it\\\/cookie-policy-eu\\\/\",\"name\":\"Cookie Policy (EU) - IB International Real Estate\",\"isPartOf\":{\"@id\":\"https:\\\/\\\/dev.ibinternational.it\\\/#website\"},\"datePublished\":\"2022-06-13T11:07:23+00:00\",\"dateModified\":\"2025-11-04T11:58:42+00:00\",\"breadcrumb\":{\"@id\":\"https:\\\/\\\/dev.ibinternational.it\\\/cookie-policy-eu\\\/#breadcrumb\"},\"inLanguage\":\"fr-FR\",\"potentialAction\":[{\"@type\":\"ReadAction\",\"target\":[\"https:\\\/\\\/dev.ibinternational.it\\\/cookie-policy-eu\\\/\"]}]},{\"@type\":\"BreadcrumbList\",\"@id\":\"https:\\\/\\\/dev.ibinternational.it\\\/cookie-policy-eu\\\/#breadcrumb\",\"itemListElement\":[{\"@type\":\"ListItem\",\"position\":1,\"name\":\"Home\",\"item\":\"https:\\\/\\\/dev.ibinternational.it\\\/\"},{\"@type\":\"ListItem\",\"position\":2,\"name\":\"Cookie Policy (EU)\"}]},{\"@type\":\"WebSite\",\"@id\":\"https:\\\/\\\/dev.ibinternational.it\\\/#website\",\"url\":\"https:\\\/\\\/dev.ibinternational.it\\\/\",\"name\":\"IB International Real Estate\",\"description\":\"IB International\",\"publisher\":{\"@id\":\"https:\\\/\\\/dev.ibinternational.it\\\/#organization\"},\"potentialAction\":[{\"@type\":\"SearchAction\",\"target\":{\"@type\":\"EntryPoint\",\"urlTemplate\":\"https:\\\/\\\/dev.ibinternational.it\\\/?s={search_term_string}\"},\"query-input\":{\"@type\":\"PropertyValueSpecification\",\"valueRequired\":true,\"valueName\":\"search_term_string\"}}],\"inLanguage\":\"fr-FR\"},{\"@type\":\"Organization\",\"@id\":\"https:\\\/\\\/dev.ibinternational.it\\\/#organization\",\"name\":\"IB International Real Estate\",\"url\":\"https:\\\/\\\/dev.ibinternational.it\\\/\",\"logo\":{\"@type\":\"ImageObject\",\"inLanguage\":\"fr-FR\",\"@id\":\"https:\\\/\\\/dev.ibinternational.it\\\/#\\\/schema\\\/logo\\\/image\\\/\",\"url\":\"https:\\\/\\\/dev.ibinternational.it\\\/wp-content\\\/uploads\\\/2021\\\/03\\\/Logo-IBInternational-grey-200.png\",\"contentUrl\":\"https:\\\/\\\/dev.ibinternational.it\\\/wp-content\\\/uploads\\\/2021\\\/03\\\/Logo-IBInternational-grey-200.png\",\"width\":200,\"height\":200,\"caption\":\"IB International Real Estate\"},\"image\":{\"@id\":\"https:\\\/\\\/dev.ibinternational.it\\\/#\\\/schema\\\/logo\\\/image\\\/\"},\"sameAs\":[\"https:\\\/\\\/www.facebook.com\\\/IBInternationalRealEstate\\\/\",\"https:\\\/\\\/www.linkedin.com\\\/company\\\/ib-international-real-estate\\\/\"]}]}<\/script>\n<!-- \/ Yoast SEO plugin. -->","yoast_head_json":{"title":"Politique en mati\u00e8re de cookies (UE) - IB International Real Estate","robots":{"index":"noindex","follow":"follow","max-snippet":"max-snippet:-1","max-image-preview":"max-image-preview:large","max-video-preview":"max-video-preview:-1"},"og_locale":"fr_FR","og_type":"article","og_title":"Cookie Policy (EU) - IB International Real Estate","og_description":"Cookie Policy per ibinternational.it Data Ultimo Aggiornamento: 07\/10\/2025 Questa Cookie Policy spiega cosa sono i cookie, come li utilizziamo sul sito web\u00a0ibinternational.it\u00a0(di seguito, &#8220;il Sito&#8221;) e come puoi gestire le tue preferenze al riguardo. Cosa sono i Cookie?I cookie sono piccoli file di testo che i siti visitati dall&#8217;utente inviano e registrano sul suo computer [&hellip;]","og_url":"https:\/\/dev.ibinternational.it\/fr\/politique-en-matiere-de-cookies-de-lue\/","og_site_name":"IB International Real Estate","article_publisher":"https:\/\/www.facebook.com\/IBInternationalRealEstate\/","article_modified_time":"2025-11-04T11:58:42+00:00","twitter_card":"summary_large_image","schema":{"@context":"https:\/\/schema.org","@graph":[{"@type":"WebPage","@id":"https:\/\/dev.ibinternational.it\/cookie-policy-eu\/","url":"https:\/\/dev.ibinternational.it\/cookie-policy-eu\/","name":"Politique en mati\u00e8re de cookies (UE) - IB International Real Estate","isPartOf":{"@id":"https:\/\/dev.ibinternational.it\/#website"},"datePublished":"2022-06-13T11:07:23+00:00","dateModified":"2025-11-04T11:58:42+00:00","breadcrumb":{"@id":"https:\/\/dev.ibinternational.it\/cookie-policy-eu\/#breadcrumb"},"inLanguage":"fr-FR","potentialAction":[{"@type":"ReadAction","target":["https:\/\/dev.ibinternational.it\/cookie-policy-eu\/"]}]},{"@type":"BreadcrumbList","@id":"https:\/\/dev.ibinternational.it\/cookie-policy-eu\/#breadcrumb","itemListElement":[{"@type":"ListItem","position":1,"name":"Home","item":"https:\/\/dev.ibinternational.it\/"},{"@type":"ListItem","position":2,"name":"Cookie Policy (EU)"}]},{"@type":"WebSite","@id":"https:\/\/dev.ibinternational.it\/#website","url":"https:\/\/dev.ibinternational.it\/","name":"IB International Real Estate","description":"IB International","publisher":{"@id":"https:\/\/dev.ibinternational.it\/#organization"},"potentialAction":[{"@type":"SearchAction","target":{"@type":"EntryPoint","urlTemplate":"https:\/\/dev.ibinternational.it\/?s={search_term_string}"},"query-input":{"@type":"PropertyValueSpecification","valueRequired":true,"valueName":"search_term_string"}}],"inLanguage":"fr-FR"},{"@type":"Organization","@id":"https:\/\/dev.ibinternational.it\/#organization","name":"IB International Real Estate","url":"https:\/\/dev.ibinternational.it\/","logo":{"@type":"ImageObject","inLanguage":"fr-FR","@id":"https:\/\/dev.ibinternational.it\/#\/schema\/logo\/image\/","url":"https:\/\/dev.ibinternational.it\/wp-content\/uploads\/2021\/03\/Logo-IBInternational-grey-200.png","contentUrl":"https:\/\/dev.ibinternational.it\/wp-content\/uploads\/2021\/03\/Logo-IBInternational-grey-200.png","width":200,"height":200,"caption":"IB International Real Estate"},"image":{"@id":"https:\/\/dev.ibinternational.it\/#\/schema\/logo\/image\/"},"sameAs":["https:\/\/www.facebook.com\/IBInternationalRealEstate\/","https:\/\/www.linkedin.com\/company\/ib-international-real-estate\/"]}]}},"_links":{"self":[{"href":"https:\/\/dev.ibinternational.it\/fr\/wp-json\/wp\/v2\/pages\/333248","targetHints":{"allow":["GET"]}}],"collection":[{"href":"https:\/\/dev.ibinternational.it\/fr\/wp-json\/wp\/v2\/pages"}],"about":[{"href":"https:\/\/dev.ibinternational.it\/fr\/wp-json\/wp\/v2\/types\/page"}],"author":[{"embeddable":true,"href":"https:\/\/dev.ibinternational.it\/fr\/wp-json\/wp\/v2\/users\/1"}],"replies":[{"embeddable":true,"href":"https:\/\/dev.ibinternational.it\/fr\/wp-json\/wp\/v2\/comments?post=333248"}],"version-history":[{"count":5,"href":"https:\/\/dev.ibinternational.it\/fr\/wp-json\/wp\/v2\/pages\/333248\/revisions"}],"predecessor-version":[{"id":513606,"href":"https:\/\/dev.ibinternational.it\/fr\/wp-json\/wp\/v2\/pages\/333248\/revisions\/513606"}],"wp:attachment":[{"href":"https:\/\/dev.ibinternational.it\/fr\/wp-json\/wp\/v2\/media?parent=333248"}],"curies":[{"name":"wp","href":"https:\/\/api.w.org\/{rel}","templated":true}]}}