{"id":333248,"date":"2022-06-13T13:07:23","date_gmt":"2022-06-13T11:07:23","guid":{"rendered":"https:\/\/ibinternational.it\/cookie-policy-eu\/"},"modified":"2025-11-04T12:58:42","modified_gmt":"2025-11-04T11:58:42","slug":"evastekaytanto-eu","status":"publish","type":"page","link":"https:\/\/dev.ibinternational.it\/fi\/evastekaytanto-eu\/","title":{"rendered":"Ev\u00e4stek\u00e4yt\u00e4nt\u00f6 (EU)"},"content":{"rendered":"<div data-elementor-type=\"wp-page\" data-elementor-id=\"333248\" class=\"elementor elementor-333248\" data-elementor-post-type=\"page\">\n\t\t\t\t\t\t<section class=\"elementor-section elementor-top-section elementor-element elementor-element-f419fd0 elementor-section-boxed elementor-section-height-default elementor-section-height-default\" data-id=\"f419fd0\" data-element_type=\"section\" data-e-type=\"section\">\n\t\t\t\t\t\t<div class=\"elementor-container elementor-column-gap-default\">\n\t\t\t\t\t<div class=\"elementor-column elementor-col-100 elementor-top-column elementor-element elementor-element-db31f94\" data-id=\"db31f94\" data-element_type=\"column\" data-e-type=\"column\">\n\t\t\t<div class=\"elementor-widget-wrap elementor-element-populated\">\n\t\t\t\t\t\t<div class=\"elementor-element elementor-element-17b7ab5 elementor-widget elementor-widget-text-editor\" data-id=\"17b7ab5\" data-element_type=\"widget\" data-e-type=\"widget\" data-widget_type=\"text-editor.default\">\n\t\t\t\t\t\t\t\t\t<h3><strong>Ev\u00e4stek\u00e4yt\u00e4nt\u00f6 <a href=\"https:\/\/dev.ibinternational.it\/fi\/\" target=\"_blank\" rel=\"noopener noreferrer\">ibinternational.co.uk<\/a><\/strong><\/h3><p><strong>P\u00e4ivitetty viimeksi:<\/strong> 07\/10\/2025<\/p><p>T\u00e4m\u00e4 ev\u00e4stek\u00e4yt\u00e4nt\u00f6 selitt\u00e4\u00e4, mit\u00e4 ev\u00e4steet ovat, miten k\u00e4yt\u00e4mme niit\u00e4 verkkosivustolla.\u00a0<strong><a href=\"https:\/\/dev.ibinternational.it\/fi\/\" target=\"_blank\" rel=\"noopener noreferrer\">ibinternational.co.uk<\/a><\/strong>\u00a0(j\u00e4ljemp\u00e4n\u00e4 \u201cSivusto\u201d) ja miten voit hallita mieltymyksi\u00e4si t\u00e4lt\u00e4 osin.<\/p><p><strong>Mit\u00e4 ev\u00e4steet ovat?<\/strong><br \/>Ev\u00e4steet ovat pieni\u00e4 tekstitiedostoja, joita vierailemasi sivustot l\u00e4hett\u00e4v\u00e4t ja tallentavat tietokoneellesi tai mobiililaitteellesi, jotta ne voidaan l\u00e4hett\u00e4\u00e4 takaisin samoille sivustoille, kun vierailet niill\u00e4 seuraavan kerran. Ev\u00e4steiden ansiosta sivusto muistaa k\u00e4ytt\u00e4j\u00e4n toimet ja asetukset (esim. kirjautumistiedot, oletuskieli, n\u00e4ytt\u00f6asetukset jne.), jotta niit\u00e4 ei tarvitse palauttaa, kun k\u00e4ytt\u00e4j\u00e4 k\u00e4y sivustolla uudelleen tai siirtyy sivulta toiselle.<\/p><p><strong>T\u00e4ll\u00e4 sivustolla k\u00e4ytett\u00e4v\u00e4t ev\u00e4stetyypit<\/strong><\/p><p>Sivusto k\u00e4ytt\u00e4\u00e4 erityyppisi\u00e4 ev\u00e4steit\u00e4, joilla kullakin on oma teht\u00e4v\u00e4ns\u00e4.<\/p><ol start=\"1\"><li><p><strong>Tekniset ev\u00e4steet (vaaditaan)<\/strong><br \/>N\u00e4m\u00e4 ev\u00e4steet ovat v\u00e4ltt\u00e4m\u00e4tt\u00f6mi\u00e4 sivuston asianmukaisen toiminnan kannalta. Ne mahdollistavat navigoinnin, suostumusasetusten tallentamisen ja varmistavat Sivuston turvallisuuden. Ilman n\u00e4it\u00e4 ev\u00e4steit\u00e4 Sivusto ei toimisi kunnolla. Ne eiv\u00e4t edellyt\u00e4 ennakkosuostumustasi.<\/p><\/li><li><p><strong>Analyyttiset ja tilastolliset ev\u00e4steet<\/strong><br \/>N\u00e4m\u00e4 ev\u00e4steet auttavat meit\u00e4 ymm\u00e4rt\u00e4m\u00e4\u00e4n, miten k\u00e4ytt\u00e4j\u00e4t ovat vuorovaikutuksessa sivuston kanssa, ker\u00e4\u00e4m\u00e4ll\u00e4 nimett\u00f6mi\u00e4 ja koottuja tietoja k\u00e4vij\u00f6iden m\u00e4\u00e4r\u00e4st\u00e4, suosituimmista sivuista, mist\u00e4 liikenne tulee ja yleisest\u00e4 selausk\u00e4ytt\u00e4ytymisest\u00e4. N\u00e4iden tietojen avulla voimme parantaa sis\u00e4lt\u00f6\u00e4 ja k\u00e4ytt\u00e4j\u00e4kokemusta.<\/p><\/li><li><p><strong>Mainonta ja kohdentaminen Ev\u00e4steet<\/strong><br \/>N\u00e4it\u00e4 ev\u00e4steit\u00e4 k\u00e4ytet\u00e4\u00e4n n\u00e4ytt\u00e4m\u00e4\u00e4n sinulle kiinnostuksen kohteisiisi paremmin sopivia mainoksia sek\u00e4 sivustollamme ett\u00e4 muilla alustoilla. Niit\u00e4 voidaan k\u00e4ytt\u00e4\u00e4 my\u00f6s rajoittamaan mainoksen katselukertojen m\u00e4\u00e4r\u00e4\u00e4 ja mittaamaan mainoskampanjan tehokkuutta.<\/p><\/li><\/ol><p><strong>Ev\u00e4steasetusten hallinta<\/strong><\/p><p>Kun p\u00e4\u00e4set sivustolle ensimm\u00e4ist\u00e4 kertaa, suostumuspalkki antaa sinulle selke\u00e4n valinnan mahdollisuuden. Voit:<\/p><ul><li><p><strong>Hyv\u00e4ksy kaikki ev\u00e4steet<\/strong>\u00a0(tekninen, analyyttinen ja mainosalan).<\/p><\/li><li><p><strong>Hylk\u00e4\u00e4 kaikki ev\u00e4steet<\/strong>\u00a0lukuun ottamatta teknisi\u00e4 kysymyksi\u00e4.<\/p><\/li><li><p><strong>Valintojen mukauttaminen<\/strong>\u00a0valitsemalla erikseen ne ev\u00e4steluokat, jotka haluat aktivoida.<\/p><\/li><\/ul><p>Voit milloin tahansa muuttaa suostumustasi tai peruuttaa sen k\u00e4ytt\u00e4m\u00e4ll\u00e4 ev\u00e4steasetuspaneelia, johon p\u00e4\u00e4set sivuston alatunnisteessa olevan linkin kautta ja johon yleens\u00e4 viitataan nimell\u00e4 \u201cEv\u00e4steasetukset\u201d tai \u201cEv\u00e4steiden hallinta\u201d.<\/p><p>Lis\u00e4ksi voit hallita ev\u00e4steit\u00e4 suoraan selaimesi asetuksista ja p\u00e4\u00e4tt\u00e4\u00e4, mitk\u00e4 ev\u00e4steet haluat poistaa tai est\u00e4\u00e4. Jos kuitenkin est\u00e4t kaikki ev\u00e4steet, jotkin sivuston ominaisuudet eiv\u00e4t ehk\u00e4 ole en\u00e4\u00e4 k\u00e4ytett\u00e4viss\u00e4.<\/p><ul><li><p><a href=\"https:\/\/support.google.com\/chrome\/answer\/95647\" target=\"_blank\" rel=\"noopener noreferrer\">Ohjeet Chromelle<\/a><\/p><\/li><li><p><a href=\"https:\/\/support.mozilla.org\/it\/kb\/attivare-e-disattivare-i-cookie\" target=\"_blank\" rel=\"noopener noreferrer\">Ohjeet Firefoxille<\/a><\/p><\/li><li><p><a href=\"https:\/\/support.apple.com\/it-it\/guide\/safari\/sfri11471\/mac\" target=\"_blank\" rel=\"noopener noreferrer\">Ohjeet Safaria varten<\/a><\/p><\/li><li><p><a href=\"https:\/\/support.microsoft.com\/it-it\/microsoft-edge\/eliminare-i-cookie-in-microsoft-edge-63947406-40ac-c3b8-57b9-2a946a29ae09\" target=\"_blank\" rel=\"noopener noreferrer\">Ohjeet reunaa varten<\/a><\/p><\/li><\/ul><p><strong>Tiedot ev\u00e4steist\u00e4 ja kolmansien osapuolten palveluista<\/strong><\/p><p>Seuraavassa taulukossa on yksityiskohtaiset tiedot sivustolla k\u00e4ytetyist\u00e4 ev\u00e4steist\u00e4 ja kolmannen osapuolen palveluista.<\/p><div><div><div><div>\u00a0<\/div><\/div><div>\u00a0<\/div><\/div><table><thead><tr><th>Luokka<\/th><th>Palvelun nimi<\/th><th>Toimittaja<\/th><th>K\u00e4ytt\u00f6tarkoitus<\/th><th>Kesto<\/th><th>Ker\u00e4tyt tiedot (nimett\u00f6m\u00e4t)<\/th><\/tr><\/thead><tbody><tr><td><strong>Teknikot<\/strong><\/td><td>LiteSpeed Cache<\/td><td>LiteSpeed Technologies<\/td><td>Sis\u00e4ll\u00f6n v\u00e4limuistiin tallentaminen sivuston suorituskyvyn parantamiseksi.<\/td><td>Istunto<\/td><td>Teknisen istunnon tiedot<\/td><\/tr><tr><td><strong>Teknikot<\/strong><\/td><td>Cloudflare<\/td><td>Cloudflare, Inc.<\/td><td>Tietoturva ja suojautuminen verkkohy\u00f6kk\u00e4yksilt\u00e4 (DDoS), sis\u00e4ll\u00f6n jakelun optimointi (CDN).<\/td><td>Enint\u00e4\u00e4n 1 vuosi<\/td><td>IP-osoite, lokitiedot (k\u00e4sitell\u00e4\u00e4n turvallisuussyist\u00e4).<\/td><\/tr><tr><td><strong>Analytiikka<\/strong><\/td><td>Google Analytics 4 (GA4)<\/td><td>Google Ireland Ltd.<\/td><td>Yhteenveto tilastollisesta analyysist\u00e4, joka koskee k\u00e4ytt\u00e4jien liikennett\u00e4 ja k\u00e4ytt\u00e4ytymist\u00e4 sivustolla.<\/td><td>Enint\u00e4\u00e4n 24 kuukautta<\/td><td>IP-osoite (anonymisoitu), istuntotiedot, vierailtuja sivuja, vierailun kesto, k\u00e4ytetty laite ja selain.<\/td><\/tr><tr><td><strong>Analytiikka<\/strong><\/td><td>Microsoft Clarity<\/td><td>Microsoft Corporation<\/td><td>K\u00e4ytt\u00e4j\u00e4kokemuksen analysointi istuntotallenteiden ja l\u00e4mp\u00f6karttojen avulla k\u00e4ytett\u00e4vyysongelmien tunnistamiseksi.<\/td><td>Enint\u00e4\u00e4n 12 kuukautta<\/td><td>Klikkaus, selaus, hiiren liike, istuntotiedot (kaikki anonymisoitu).<\/td><\/tr><tr><td><strong>Mainos<\/strong><\/td><td>Google-mainokset<\/td><td>Google Ireland Ltd.<\/td><td>Uudelleenmarkkinointi, r\u00e4\u00e4t\u00e4l\u00f6ityjen mainosten luominen sivuston k\u00e4ytt\u00e4ytymisen perusteella, kampanjan suorituskyvyn mittaaminen.<\/td><td>Enint\u00e4\u00e4n 90 p\u00e4iv\u00e4\u00e4<\/td><td>Ev\u00e4stetunniste, k\u00e4ytetyt sivut, suoritetut toimet.<\/td><\/tr><tr><td><strong>Teknikot\/Funz.<\/strong><\/td><td>Google Search Console<\/td><td>Google Ireland Ltd.<\/td><td>Sivuston suorituskyvyn seuranta Googlen hakutuloksissa.<\/td><td>-<\/td><td>Yhteenlasketut ja nimett\u00f6m\u00e4t tutkimustiedot.<\/td><\/tr><tr><td><strong>Teknikot<\/strong><\/td><td>Google Site Kit<\/td><td>Google Ireland Ltd.<\/td><td>Integrointiliit\u00e4nn\u00e4inen Googlen palveluille (Analytics, Search Console). Ei ker\u00e4\u00e4 tietoja itsen\u00e4isesti.<\/td><td>-<\/td><td>-<\/td><\/tr><tr><td><strong>Teknikot<\/strong><\/td><td>Elementor Pro<\/td><td>Elementor Ltd.<\/td><td>Toiminnallisuus verkkosivujen luomiseen ja n\u00e4ytt\u00e4miseen. Yhteydenottolomakkeet tallentavat l\u00e4hetetyt tiedot paikallisesti.<\/td><td>Istunto<\/td><td>Lomakkeisiin sy\u00f6tetyt tiedot (rekisterinpit\u00e4j\u00e4n hallinnoimat)<\/td><\/tr><\/tbody><\/table><\/div><p><strong>Tietojen siirto EU:n ulkopuolelle<\/strong><\/p><p>Joitakin luetelluista palveluista (erityisesti Google Analytics, Microsoft Clarity ja Cloudflare) tarjoavat Yhdysvalloissa sijaitsevat yritykset. Tietojesi siirto kyseiseen maahan tapahtuu lain antamien takeiden mukaisesti, erityisesti sen mukaan, ett\u00e4 palveluntarjoajat noudattavat seuraavia s\u00e4\u00e4nn\u00f6ksi\u00e4\u00a0<strong>EU:n ja Yhdysvaltojen v\u00e4linen tietosuojapuite<\/strong>, Euroopan komission hyv\u00e4ksym\u00e4 riitt\u00e4vyyssopimus.<\/p><p><strong>Ota yhteytt\u00e4<\/strong><\/p><p>Jos sinulla on kysytt\u00e4v\u00e4\u00e4 t\u00e4st\u00e4 ev\u00e4stek\u00e4yt\u00e4nn\u00f6st\u00e4 tai haluat k\u00e4ytt\u00e4\u00e4 yksityisyydensuojaa koskevia oikeuksiasi, ota yhteytt\u00e4 rekisterinpit\u00e4j\u00e4\u00e4n osoitteessa <a href=\"https:\/\/dev.ibinternational.it\/fi\/tietosuojakaytanto\/\">Tietosuojak\u00e4yt\u00e4nt\u00f6<\/a>.<\/p><p>Rekisterinpit\u00e4j\u00e4 on:<br \/><strong>IB International Real Estate s.r.l.<\/strong><br \/>Rekister\u00f6ity kotipaikka: Via Roma 2\/10, Genova - 16121.<br \/>S\u00e4hk\u00f6posti yksityisyyden suojaamiseksi: <a href=\"https:\/\/mailto:info@ibinternational.it\/\" target=\"_blank\" rel=\"noopener noreferrer\">info@ibinternational.it<\/a><\/p>\t\t\t\t\t\t\t\t<\/div>\n\t\t\t\t\t<\/div>\n\t\t<\/div>\n\t\t\t\t\t<\/div>\n\t\t<\/section>\n\t\t\t\t<\/div>","protected":false},"excerpt":{"rendered":"<p>Cookie Policy per ibinternational.it Data Ultimo Aggiornamento: 07\/10\/2025 Questa Cookie Policy spiega cosa sono i cookie, come li utilizziamo sul sito web\u00a0ibinternational.it\u00a0(di seguito, &#8220;il Sito&#8221;) e come puoi gestire le tue preferenze al riguardo. Cosa sono i Cookie?I cookie sono piccoli file di testo che i siti visitati dall&#8217;utente inviano e registrano sul suo computer [&hellip;]<\/p>\n","protected":false},"author":1,"featured_media":0,"parent":0,"menu_order":13,"comment_status":"closed","ping_status":"closed","template":"elementor_header_footer","meta":{"footnotes":""},"class_list":["post-333248","page","type-page","status-publish","hentry"],"yoast_head":"<!-- This site is optimized with the Yoast SEO plugin v27.3 - https:\/\/yoast.com\/product\/yoast-seo-wordpress\/ -->\n<title>Cookie Policy (EU) - IB International Real Estate<\/title>\n<meta name=\"robots\" content=\"noindex, follow, max-snippet:-1, max-image-preview:large, max-video-preview:-1\" \/>\n<meta property=\"og:locale\" content=\"fi_FI\" \/>\n<meta property=\"og:type\" content=\"article\" \/>\n<meta property=\"og:title\" content=\"Cookie Policy (EU) - IB International Real Estate\" \/>\n<meta property=\"og:description\" content=\"Cookie Policy per ibinternational.it Data Ultimo Aggiornamento: 07\/10\/2025 Questa Cookie Policy spiega cosa sono i cookie, come li utilizziamo sul sito web\u00a0ibinternational.it\u00a0(di seguito, &#8220;il Sito&#8221;) e come puoi gestire le tue preferenze al riguardo. Cosa sono i Cookie?I cookie sono piccoli file di testo che i siti visitati dall&#8217;utente inviano e registrano sul suo computer [&hellip;]\" \/>\n<meta property=\"og:url\" content=\"https:\/\/dev.ibinternational.it\/fi\/evastekaytanto-eu\/\" \/>\n<meta property=\"og:site_name\" content=\"IB International Real Estate\" \/>\n<meta property=\"article:publisher\" content=\"https:\/\/www.facebook.com\/IBInternationalRealEstate\/\" \/>\n<meta property=\"article:modified_time\" content=\"2025-11-04T11:58:42+00:00\" \/>\n<meta name=\"twitter:card\" content=\"summary_large_image\" \/>\n<script type=\"application\/ld+json\" class=\"yoast-schema-graph\">{\"@context\":\"https:\\\/\\\/schema.org\",\"@graph\":[{\"@type\":\"WebPage\",\"@id\":\"https:\\\/\\\/dev.ibinternational.it\\\/cookie-policy-eu\\\/\",\"url\":\"https:\\\/\\\/dev.ibinternational.it\\\/cookie-policy-eu\\\/\",\"name\":\"Cookie Policy (EU) - IB International Real Estate\",\"isPartOf\":{\"@id\":\"https:\\\/\\\/dev.ibinternational.it\\\/#website\"},\"datePublished\":\"2022-06-13T11:07:23+00:00\",\"dateModified\":\"2025-11-04T11:58:42+00:00\",\"breadcrumb\":{\"@id\":\"https:\\\/\\\/dev.ibinternational.it\\\/cookie-policy-eu\\\/#breadcrumb\"},\"inLanguage\":\"fi\",\"potentialAction\":[{\"@type\":\"ReadAction\",\"target\":[\"https:\\\/\\\/dev.ibinternational.it\\\/cookie-policy-eu\\\/\"]}]},{\"@type\":\"BreadcrumbList\",\"@id\":\"https:\\\/\\\/dev.ibinternational.it\\\/cookie-policy-eu\\\/#breadcrumb\",\"itemListElement\":[{\"@type\":\"ListItem\",\"position\":1,\"name\":\"Home\",\"item\":\"https:\\\/\\\/dev.ibinternational.it\\\/\"},{\"@type\":\"ListItem\",\"position\":2,\"name\":\"Cookie Policy (EU)\"}]},{\"@type\":\"WebSite\",\"@id\":\"https:\\\/\\\/dev.ibinternational.it\\\/#website\",\"url\":\"https:\\\/\\\/dev.ibinternational.it\\\/\",\"name\":\"IB International Real Estate\",\"description\":\"IB International\",\"publisher\":{\"@id\":\"https:\\\/\\\/dev.ibinternational.it\\\/#organization\"},\"potentialAction\":[{\"@type\":\"SearchAction\",\"target\":{\"@type\":\"EntryPoint\",\"urlTemplate\":\"https:\\\/\\\/dev.ibinternational.it\\\/?s={search_term_string}\"},\"query-input\":{\"@type\":\"PropertyValueSpecification\",\"valueRequired\":true,\"valueName\":\"search_term_string\"}}],\"inLanguage\":\"fi\"},{\"@type\":\"Organization\",\"@id\":\"https:\\\/\\\/dev.ibinternational.it\\\/#organization\",\"name\":\"IB International Real Estate\",\"url\":\"https:\\\/\\\/dev.ibinternational.it\\\/\",\"logo\":{\"@type\":\"ImageObject\",\"inLanguage\":\"fi\",\"@id\":\"https:\\\/\\\/dev.ibinternational.it\\\/#\\\/schema\\\/logo\\\/image\\\/\",\"url\":\"https:\\\/\\\/dev.ibinternational.it\\\/wp-content\\\/uploads\\\/2021\\\/03\\\/Logo-IBInternational-grey-200.png\",\"contentUrl\":\"https:\\\/\\\/dev.ibinternational.it\\\/wp-content\\\/uploads\\\/2021\\\/03\\\/Logo-IBInternational-grey-200.png\",\"width\":200,\"height\":200,\"caption\":\"IB International Real Estate\"},\"image\":{\"@id\":\"https:\\\/\\\/dev.ibinternational.it\\\/#\\\/schema\\\/logo\\\/image\\\/\"},\"sameAs\":[\"https:\\\/\\\/www.facebook.com\\\/IBInternationalRealEstate\\\/\",\"https:\\\/\\\/www.linkedin.com\\\/company\\\/ib-international-real-estate\\\/\"]}]}<\/script>\n<!-- \/ Yoast SEO plugin. -->","yoast_head_json":{"title":"Ev\u00e4stek\u00e4yt\u00e4nt\u00f6 (EU) - IB International Real Estate (IB)","robots":{"index":"noindex","follow":"follow","max-snippet":"max-snippet:-1","max-image-preview":"max-image-preview:large","max-video-preview":"max-video-preview:-1"},"og_locale":"fi_FI","og_type":"article","og_title":"Cookie Policy (EU) - IB International Real Estate","og_description":"Cookie Policy per ibinternational.it Data Ultimo Aggiornamento: 07\/10\/2025 Questa Cookie Policy spiega cosa sono i cookie, come li utilizziamo sul sito web\u00a0ibinternational.it\u00a0(di seguito, &#8220;il Sito&#8221;) e come puoi gestire le tue preferenze al riguardo. Cosa sono i Cookie?I cookie sono piccoli file di testo che i siti visitati dall&#8217;utente inviano e registrano sul suo computer [&hellip;]","og_url":"https:\/\/dev.ibinternational.it\/fi\/evastekaytanto-eu\/","og_site_name":"IB International Real Estate","article_publisher":"https:\/\/www.facebook.com\/IBInternationalRealEstate\/","article_modified_time":"2025-11-04T11:58:42+00:00","twitter_card":"summary_large_image","schema":{"@context":"https:\/\/schema.org","@graph":[{"@type":"WebPage","@id":"https:\/\/dev.ibinternational.it\/cookie-policy-eu\/","url":"https:\/\/dev.ibinternational.it\/cookie-policy-eu\/","name":"Ev\u00e4stek\u00e4yt\u00e4nt\u00f6 (EU) - IB International Real Estate (IB)","isPartOf":{"@id":"https:\/\/dev.ibinternational.it\/#website"},"datePublished":"2022-06-13T11:07:23+00:00","dateModified":"2025-11-04T11:58:42+00:00","breadcrumb":{"@id":"https:\/\/dev.ibinternational.it\/cookie-policy-eu\/#breadcrumb"},"inLanguage":"fi","potentialAction":[{"@type":"ReadAction","target":["https:\/\/dev.ibinternational.it\/cookie-policy-eu\/"]}]},{"@type":"BreadcrumbList","@id":"https:\/\/dev.ibinternational.it\/cookie-policy-eu\/#breadcrumb","itemListElement":[{"@type":"ListItem","position":1,"name":"Home","item":"https:\/\/dev.ibinternational.it\/"},{"@type":"ListItem","position":2,"name":"Cookie Policy (EU)"}]},{"@type":"WebSite","@id":"https:\/\/dev.ibinternational.it\/#website","url":"https:\/\/dev.ibinternational.it\/","name":"IB International Real Estate","description":"IB International","publisher":{"@id":"https:\/\/dev.ibinternational.it\/#organization"},"potentialAction":[{"@type":"SearchAction","target":{"@type":"EntryPoint","urlTemplate":"https:\/\/dev.ibinternational.it\/?s={search_term_string}"},"query-input":{"@type":"PropertyValueSpecification","valueRequired":true,"valueName":"search_term_string"}}],"inLanguage":"fi"},{"@type":"Organization","@id":"https:\/\/dev.ibinternational.it\/#organization","name":"IB International Real Estate","url":"https:\/\/dev.ibinternational.it\/","logo":{"@type":"ImageObject","inLanguage":"fi","@id":"https:\/\/dev.ibinternational.it\/#\/schema\/logo\/image\/","url":"https:\/\/dev.ibinternational.it\/wp-content\/uploads\/2021\/03\/Logo-IBInternational-grey-200.png","contentUrl":"https:\/\/dev.ibinternational.it\/wp-content\/uploads\/2021\/03\/Logo-IBInternational-grey-200.png","width":200,"height":200,"caption":"IB International Real Estate"},"image":{"@id":"https:\/\/dev.ibinternational.it\/#\/schema\/logo\/image\/"},"sameAs":["https:\/\/www.facebook.com\/IBInternationalRealEstate\/","https:\/\/www.linkedin.com\/company\/ib-international-real-estate\/"]}]}},"_links":{"self":[{"href":"https:\/\/dev.ibinternational.it\/fi\/wp-json\/wp\/v2\/pages\/333248","targetHints":{"allow":["GET"]}}],"collection":[{"href":"https:\/\/dev.ibinternational.it\/fi\/wp-json\/wp\/v2\/pages"}],"about":[{"href":"https:\/\/dev.ibinternational.it\/fi\/wp-json\/wp\/v2\/types\/page"}],"author":[{"embeddable":true,"href":"https:\/\/dev.ibinternational.it\/fi\/wp-json\/wp\/v2\/users\/1"}],"replies":[{"embeddable":true,"href":"https:\/\/dev.ibinternational.it\/fi\/wp-json\/wp\/v2\/comments?post=333248"}],"version-history":[{"count":5,"href":"https:\/\/dev.ibinternational.it\/fi\/wp-json\/wp\/v2\/pages\/333248\/revisions"}],"predecessor-version":[{"id":513606,"href":"https:\/\/dev.ibinternational.it\/fi\/wp-json\/wp\/v2\/pages\/333248\/revisions\/513606"}],"wp:attachment":[{"href":"https:\/\/dev.ibinternational.it\/fi\/wp-json\/wp\/v2\/media?parent=333248"}],"curies":[{"name":"wp","href":"https:\/\/api.w.org\/{rel}","templated":true}]}}