{"id":333248,"date":"2022-06-13T13:07:23","date_gmt":"2022-06-13T11:07:23","guid":{"rendered":"https:\/\/ibinternational.it\/cookie-policy-eu\/"},"modified":"2025-11-04T12:58:42","modified_gmt":"2025-11-04T11:58:42","slug":"cookie-policy-eu","status":"publish","type":"page","link":"https:\/\/dev.ibinternational.it\/de\/cookie-policy-eu\/","title":{"rendered":"Cookie-Richtlinie (EU)"},"content":{"rendered":"<div data-elementor-type=\"wp-page\" data-elementor-id=\"333248\" class=\"elementor elementor-333248\" data-elementor-post-type=\"page\">\n\t\t\t\t\t\t<section class=\"elementor-section elementor-top-section elementor-element elementor-element-f419fd0 elementor-section-boxed elementor-section-height-default elementor-section-height-default\" data-id=\"f419fd0\" data-element_type=\"section\" data-e-type=\"section\">\n\t\t\t\t\t\t<div class=\"elementor-container elementor-column-gap-default\">\n\t\t\t\t\t<div class=\"elementor-column elementor-col-100 elementor-top-column elementor-element elementor-element-db31f94\" data-id=\"db31f94\" data-element_type=\"column\" data-e-type=\"column\">\n\t\t\t<div class=\"elementor-widget-wrap elementor-element-populated\">\n\t\t\t\t\t\t<div class=\"elementor-element elementor-element-17b7ab5 elementor-widget elementor-widget-text-editor\" data-id=\"17b7ab5\" data-element_type=\"widget\" data-e-type=\"widget\" data-widget_type=\"text-editor.default\">\n\t\t\t\t\t\t\t\t\t<h3><strong>Cookie-Richtlinie f\u00fcr <a href=\"https:\/\/dev.ibinternational.it\/de\/\" target=\"_blank\" rel=\"noopener noreferrer\">ibinternational.de<\/a><\/strong><\/h3><p><strong>Datum der letzten Aktualisierung:<\/strong> 07\/10\/2025<\/p><p>Diese Cookie-Richtlinie erkl\u00e4rt, was Cookies sind und wie wir sie auf der Website verwenden\u00a0<strong><a href=\"https:\/\/dev.ibinternational.it\/de\/\" target=\"_blank\" rel=\"noopener noreferrer\">ibinternational.de<\/a><\/strong>\u00a0(nachstehend \u201cdie Website\u201d) und wie Sie Ihre diesbez\u00fcglichen Einstellungen verwalten k\u00f6nnen.<\/p><p><strong>Was sind Cookies?<\/strong><br \/>Cookies sind kleine Textdateien, die von den von Ihnen besuchten Websites gesendet und auf Ihrem Computer oder Mobilger\u00e4t gespeichert werden, um bei Ihrem n\u00e4chsten Besuch wieder an dieselben Websites \u00fcbertragen zu werden. Dank der Cookies merkt sich eine Website die Aktionen und Pr\u00e4ferenzen des Nutzers (z. B. Anmeldedaten, Standardsprache, Anzeigeeinstellungen usw.), so dass sie nicht zur\u00fcckgesetzt werden m\u00fcssen, wenn der Nutzer die Website erneut besucht oder von einer Seite zur anderen navigiert.<\/p><p><strong>Arten von Cookies, die auf dieser Website verwendet werden<\/strong><\/p><p>Die Website verwendet verschiedene Arten von Cookies, die jeweils eine spezifische Funktion haben.<\/p><ol start=\"1\"><li><p><strong>Technische Cookies (erforderlich)<\/strong><br \/>Diese Cookies sind f\u00fcr das reibungslose Funktionieren der Website unerl\u00e4sslich. Sie erm\u00f6glichen die Navigation, die Speicherung Ihrer Pr\u00e4ferenzen und gew\u00e4hrleisten die Sicherheit der Website. Ohne diese Cookies w\u00fcrde die Website nicht richtig funktionieren. Sie bed\u00fcrfen nicht Ihrer vorherigen Zustimmung.<\/p><\/li><li><p><strong>Analytische und statistische Cookies<\/strong><br \/>Diese Cookies helfen uns zu verstehen, wie die Nutzer mit der Website interagieren, indem sie in anonymer und zusammengefasster Form Informationen \u00fcber die Anzahl der Besucher, die am h\u00e4ufigsten besuchten Seiten, die Herkunft des Verkehrs und das allgemeine Surfverhalten sammeln. Diese Daten erm\u00f6glichen es uns, unseren Inhalt und die Benutzerfreundlichkeit zu verbessern.<\/p><\/li><li><p><strong>Werbung und zielgerichtete Cookies<\/strong><br \/>Diese Cookies werden verwendet, um Ihnen Werbung zu zeigen, die Ihren Interessen besser entspricht, sowohl auf unserer Website als auch auf anderen Plattformen. Sie k\u00f6nnen auch verwendet werden, um die Anzahl der Anzeigen zu begrenzen, die Sie sehen, und um die Wirksamkeit einer Werbekampagne zu messen.<\/p><\/li><\/ol><p><strong>Verwalten von Cookie-Einstellungen<\/strong><\/p><p>Wenn Sie zum ersten Mal auf die Website zugreifen, werden Sie durch ein Einwilligungsbanner vor eine klare Wahl gestellt. Sie k\u00f6nnen:<\/p><ul><li><p><strong>Alle Cookies akzeptieren<\/strong>\u00a0(technisch, analytisch und Werbung).<\/p><\/li><li><p><strong>Alle Cookies ablehnen<\/strong>\u00a0au\u00dfer den technischen.<\/p><\/li><li><p><strong>Individuelle Anpassung der Auswahl<\/strong>\u00a0indem Sie die Kategorien von Cookies, die Sie aktivieren m\u00f6chten, einzeln ausw\u00e4hlen.<\/p><\/li><\/ul><p>Sie k\u00f6nnen Ihre Zustimmung jederzeit \u00e4ndern oder widerrufen, indem Sie auf das Panel f\u00fcr die Cookie-Einstellungen zugreifen, das \u00fcber einen Link in der Fu\u00dfzeile der Website zu erreichen ist und gew\u00f6hnlich als \u201cCookie-Einstellungen\u201d oder \u201cCookie-Verwaltung\u201d bezeichnet wird.<\/p><p>Dar\u00fcber hinaus k\u00f6nnen Sie Cookies direkt \u00fcber Ihre Browsereinstellungen verwalten und entscheiden, welche Cookies Sie l\u00f6schen oder blockieren m\u00f6chten. Wenn Sie jedoch alle Cookies blockieren, sind einige Funktionen der Website m\u00f6glicherweise nicht mehr verf\u00fcgbar.<\/p><ul><li><p><a href=\"https:\/\/support.google.com\/chrome\/answer\/95647\" target=\"_blank\" rel=\"noopener noreferrer\">Anleitung f\u00fcr Chrome<\/a><\/p><\/li><li><p><a href=\"https:\/\/support.mozilla.org\/it\/kb\/attivare-e-disattivare-i-cookie\" target=\"_blank\" rel=\"noopener noreferrer\">Anweisungen f\u00fcr Firefox<\/a><\/p><\/li><li><p><a href=\"https:\/\/support.apple.com\/it-it\/guide\/safari\/sfri11471\/mac\" target=\"_blank\" rel=\"noopener noreferrer\">Safari-Anleitung<\/a><\/p><\/li><li><p><a href=\"https:\/\/support.microsoft.com\/it-it\/microsoft-edge\/eliminare-i-cookie-in-microsoft-edge-63947406-40ac-c3b8-57b9-2a946a29ae09\" target=\"_blank\" rel=\"noopener noreferrer\">Anweisungen f\u00fcr Edge<\/a><\/p><\/li><\/ul><p><strong>Details zu Cookies und Diensten Dritter<\/strong><\/p><p>In der folgenden Tabelle sind die auf der Website verwendeten Cookies und Dienste Dritter aufgef\u00fchrt.<\/p><div><div><div><div>\u00a0<\/div><\/div><div>\u00a0<\/div><\/div><table><thead><tr><th>Kategorie<\/th><th>Dienst Name<\/th><th>Anbieter<\/th><th>Zweck<\/th><th>Dauer<\/th><th>Gesammelte Daten (Anonymisiert)<\/th><\/tr><\/thead><tbody><tr><td><strong>Techniker<\/strong><\/td><td>LiteSpeed-Cache<\/td><td>LiteSpeed-Technologien<\/td><td>Zwischenspeicherung von Inhalten zur Verbesserung der Leistung der Website.<\/td><td>Sitzung<\/td><td>Technische Daten der Sitzung<\/td><\/tr><tr><td><strong>Techniker<\/strong><\/td><td>Cloudflare<\/td><td>Cloudflare, Inc.<\/td><td>Sicherheit und Schutz vor Cyberangriffen (DDoS), Optimierung der Inhaltsverteilung (CDN).<\/td><td>bis zu 1 Jahr<\/td><td>IP-Adresse, Protokolldaten (zu Sicherheitszwecken verarbeitet)<\/td><\/tr><tr><td><strong>Analytik<\/strong><\/td><td>Google Analytics 4 (GA4)<\/td><td>Google Ireland Ltd.<\/td><td>Aggregierte statistische Analysen des Nutzerverkehrs und -verhaltens auf der Website.<\/td><td>bis zu 24 Monate<\/td><td>IP-Adresse (anonymisiert), Sitzungsdaten, besuchte Seiten, Dauer des Besuchs, verwendetes Ger\u00e4t und Browser.<\/td><\/tr><tr><td><strong>Analytik<\/strong><\/td><td>Microsoft Klarheit<\/td><td>Microsoft Gesellschaft<\/td><td>Analyse des Nutzererlebnisses durch Aufzeichnung von Sitzungen und Heatmaps zur Ermittlung von Usability-Problemen.<\/td><td>bis zu 12 Monate<\/td><td>Klicken, Scrollen, Mausbewegungen, Sitzungsdaten (alle anonymisiert).<\/td><\/tr><tr><td><strong>Anzeige<\/strong><\/td><td>Google-Anzeigen<\/td><td>Google Ireland Ltd.<\/td><td>Remarketing, Erstellung von ma\u00dfgeschneiderter Werbung auf der Grundlage des Verhaltens auf der Website, Messung der Leistung der Kampagne.<\/td><td>bis zu 90 Tage<\/td><td>Cookie-ID, besuchte Seiten, durchgef\u00fchrte Aktionen.<\/td><\/tr><tr><td><strong>Techniker\/Funz.<\/strong><\/td><td>Google Suchkonsole<\/td><td>Google Ireland Ltd.<\/td><td>\u00dcberwachung der Leistung der Website in den Google-Suchergebnissen.<\/td><td>&#8211;<\/td><td>Aggregierte und anonyme Forschungsdaten.<\/td><\/tr><tr><td><strong>Techniker<\/strong><\/td><td>Google-Site-Kit<\/td><td>Google Ireland Ltd.<\/td><td>Integrationsplugin f\u00fcr Google-Dienste (Analytics, Search Console). Erhebt keine eigenst\u00e4ndigen Daten.<\/td><td>&#8211;<\/td><td>&#8211;<\/td><\/tr><tr><td><strong>Techniker<\/strong><\/td><td>Elementor Pro<\/td><td>Elementor Ltd.<\/td><td>Funktionalit\u00e4t zur Erstellung und Anzeige von Webseiten. Kontaktformulare speichern die \u00fcbermittelten Daten lokal.<\/td><td>Sitzung<\/td><td>In Formulare eingegebene Daten (vom f\u00fcr die Verarbeitung Verantwortlichen verwaltet)<\/td><\/tr><\/tbody><\/table><\/div><p><strong>\u00dcbermittlung von Daten au\u00dferhalb der EU<\/strong><\/p><p>Einige der aufgef\u00fchrten Dienste (insbesondere Google Analytics, Microsoft Clarity und Cloudflare) werden von Unternehmen mit Sitz in den Vereinigten Staaten von Amerika bereitgestellt. Die \u00dcbermittlung Ihrer Daten in dieses Land erfolgt unter Einhaltung der gesetzlichen Garantien, insbesondere der Einhaltung der Datenschutzbestimmungen durch die Anbieter.\u00a0<strong>EU-US-Datenschutzrahmen<\/strong>, eine von der Europ\u00e4ischen Kommission anerkannte Angemessenheitsvereinbarung.<\/p><p><strong>Kontakt<\/strong><\/p><p>Wenn Sie Fragen zu dieser Cookie-Richtlinie haben oder Ihre Datenschutzrechte aus\u00fcben m\u00f6chten, wenden Sie sich bitte an den f\u00fcr die Datenverarbeitung Verantwortlichen unter den in unserer Website angegebenen Kontaktdaten. <a href=\"https:\/\/dev.ibinternational.it\/de\/datenschutzbestimmungen\/\">Datenschutzbestimmungen<\/a>.<\/p><p>Der f\u00fcr die Datenverarbeitung Verantwortliche ist:<br \/><strong>IB International Real Estate s.r.l.<\/strong><br \/>Mit eingetragenem Sitz in: Via Roma 2\/10, Genua - 16121<br \/>E-Mail zum Schutz der Privatsph\u00e4re: <a href=\"https:\/\/mailto:info@ibinternational.it\/\" target=\"_blank\" rel=\"noopener noreferrer\">info@ibinternational.it<\/a><\/p>\t\t\t\t\t\t\t\t<\/div>\n\t\t\t\t\t<\/div>\n\t\t<\/div>\n\t\t\t\t\t<\/div>\n\t\t<\/section>\n\t\t\t\t<\/div>","protected":false},"excerpt":{"rendered":"<p>Cookie Policy per ibinternational.it Data Ultimo Aggiornamento: 07\/10\/2025 Questa Cookie Policy spiega cosa sono i cookie, come li utilizziamo sul sito web\u00a0ibinternational.it\u00a0(di seguito, &#8220;il Sito&#8221;) e come puoi gestire le tue preferenze al riguardo. Cosa sono i Cookie?I cookie sono piccoli file di testo che i siti visitati dall&#8217;utente inviano e registrano sul suo computer [&hellip;]<\/p>\n","protected":false},"author":1,"featured_media":0,"parent":0,"menu_order":13,"comment_status":"closed","ping_status":"closed","template":"elementor_header_footer","meta":{"footnotes":""},"class_list":["post-333248","page","type-page","status-publish","hentry"],"yoast_head":"<!-- This site is optimized with the Yoast SEO plugin v27.3 - https:\/\/yoast.com\/product\/yoast-seo-wordpress\/ -->\n<title>Cookie Policy (EU) - IB International Real Estate<\/title>\n<meta name=\"robots\" content=\"noindex, follow, max-snippet:-1, max-image-preview:large, max-video-preview:-1\" \/>\n<meta property=\"og:locale\" content=\"de_DE\" \/>\n<meta property=\"og:type\" content=\"article\" \/>\n<meta property=\"og:title\" content=\"Cookie Policy (EU) - IB International Real Estate\" \/>\n<meta property=\"og:description\" content=\"Cookie Policy per ibinternational.it Data Ultimo Aggiornamento: 07\/10\/2025 Questa Cookie Policy spiega cosa sono i cookie, come li utilizziamo sul sito web\u00a0ibinternational.it\u00a0(di seguito, &#8220;il Sito&#8221;) e come puoi gestire le tue preferenze al riguardo. Cosa sono i Cookie?I cookie sono piccoli file di testo che i siti visitati dall&#8217;utente inviano e registrano sul suo computer [&hellip;]\" \/>\n<meta property=\"og:url\" content=\"https:\/\/dev.ibinternational.it\/de\/cookie-policy-eu\/\" \/>\n<meta property=\"og:site_name\" content=\"IB International Real Estate\" \/>\n<meta property=\"article:publisher\" content=\"https:\/\/www.facebook.com\/IBInternationalRealEstate\/\" \/>\n<meta property=\"article:modified_time\" content=\"2025-11-04T11:58:42+00:00\" \/>\n<meta name=\"twitter:card\" content=\"summary_large_image\" \/>\n<script type=\"application\/ld+json\" class=\"yoast-schema-graph\">{\"@context\":\"https:\\\/\\\/schema.org\",\"@graph\":[{\"@type\":\"WebPage\",\"@id\":\"https:\\\/\\\/dev.ibinternational.it\\\/cookie-policy-eu\\\/\",\"url\":\"https:\\\/\\\/dev.ibinternational.it\\\/cookie-policy-eu\\\/\",\"name\":\"Cookie Policy (EU) - IB International Real Estate\",\"isPartOf\":{\"@id\":\"https:\\\/\\\/dev.ibinternational.it\\\/#website\"},\"datePublished\":\"2022-06-13T11:07:23+00:00\",\"dateModified\":\"2025-11-04T11:58:42+00:00\",\"breadcrumb\":{\"@id\":\"https:\\\/\\\/dev.ibinternational.it\\\/cookie-policy-eu\\\/#breadcrumb\"},\"inLanguage\":\"de\",\"potentialAction\":[{\"@type\":\"ReadAction\",\"target\":[\"https:\\\/\\\/dev.ibinternational.it\\\/cookie-policy-eu\\\/\"]}]},{\"@type\":\"BreadcrumbList\",\"@id\":\"https:\\\/\\\/dev.ibinternational.it\\\/cookie-policy-eu\\\/#breadcrumb\",\"itemListElement\":[{\"@type\":\"ListItem\",\"position\":1,\"name\":\"Home\",\"item\":\"https:\\\/\\\/dev.ibinternational.it\\\/\"},{\"@type\":\"ListItem\",\"position\":2,\"name\":\"Cookie Policy (EU)\"}]},{\"@type\":\"WebSite\",\"@id\":\"https:\\\/\\\/dev.ibinternational.it\\\/#website\",\"url\":\"https:\\\/\\\/dev.ibinternational.it\\\/\",\"name\":\"IB International Real Estate\",\"description\":\"IB International\",\"publisher\":{\"@id\":\"https:\\\/\\\/dev.ibinternational.it\\\/#organization\"},\"potentialAction\":[{\"@type\":\"SearchAction\",\"target\":{\"@type\":\"EntryPoint\",\"urlTemplate\":\"https:\\\/\\\/dev.ibinternational.it\\\/?s={search_term_string}\"},\"query-input\":{\"@type\":\"PropertyValueSpecification\",\"valueRequired\":true,\"valueName\":\"search_term_string\"}}],\"inLanguage\":\"de\"},{\"@type\":\"Organization\",\"@id\":\"https:\\\/\\\/dev.ibinternational.it\\\/#organization\",\"name\":\"IB International Real Estate\",\"url\":\"https:\\\/\\\/dev.ibinternational.it\\\/\",\"logo\":{\"@type\":\"ImageObject\",\"inLanguage\":\"de\",\"@id\":\"https:\\\/\\\/dev.ibinternational.it\\\/#\\\/schema\\\/logo\\\/image\\\/\",\"url\":\"https:\\\/\\\/dev.ibinternational.it\\\/wp-content\\\/uploads\\\/2021\\\/03\\\/Logo-IBInternational-grey-200.png\",\"contentUrl\":\"https:\\\/\\\/dev.ibinternational.it\\\/wp-content\\\/uploads\\\/2021\\\/03\\\/Logo-IBInternational-grey-200.png\",\"width\":200,\"height\":200,\"caption\":\"IB International Real Estate\"},\"image\":{\"@id\":\"https:\\\/\\\/dev.ibinternational.it\\\/#\\\/schema\\\/logo\\\/image\\\/\"},\"sameAs\":[\"https:\\\/\\\/www.facebook.com\\\/IBInternationalRealEstate\\\/\",\"https:\\\/\\\/www.linkedin.com\\\/company\\\/ib-international-real-estate\\\/\"]}]}<\/script>\n<!-- \/ Yoast SEO plugin. -->","yoast_head_json":{"title":"Cookie-Richtlinie (EU) - IB International Real Estate","robots":{"index":"noindex","follow":"follow","max-snippet":"max-snippet:-1","max-image-preview":"max-image-preview:large","max-video-preview":"max-video-preview:-1"},"og_locale":"de_DE","og_type":"article","og_title":"Cookie Policy (EU) - IB International Real Estate","og_description":"Cookie Policy per ibinternational.it Data Ultimo Aggiornamento: 07\/10\/2025 Questa Cookie Policy spiega cosa sono i cookie, come li utilizziamo sul sito web\u00a0ibinternational.it\u00a0(di seguito, &#8220;il Sito&#8221;) e come puoi gestire le tue preferenze al riguardo. Cosa sono i Cookie?I cookie sono piccoli file di testo che i siti visitati dall&#8217;utente inviano e registrano sul suo computer [&hellip;]","og_url":"https:\/\/dev.ibinternational.it\/de\/cookie-policy-eu\/","og_site_name":"IB International Real Estate","article_publisher":"https:\/\/www.facebook.com\/IBInternationalRealEstate\/","article_modified_time":"2025-11-04T11:58:42+00:00","twitter_card":"summary_large_image","schema":{"@context":"https:\/\/schema.org","@graph":[{"@type":"WebPage","@id":"https:\/\/dev.ibinternational.it\/cookie-policy-eu\/","url":"https:\/\/dev.ibinternational.it\/cookie-policy-eu\/","name":"Cookie-Richtlinie (EU) - IB International Real Estate","isPartOf":{"@id":"https:\/\/dev.ibinternational.it\/#website"},"datePublished":"2022-06-13T11:07:23+00:00","dateModified":"2025-11-04T11:58:42+00:00","breadcrumb":{"@id":"https:\/\/dev.ibinternational.it\/cookie-policy-eu\/#breadcrumb"},"inLanguage":"de","potentialAction":[{"@type":"ReadAction","target":["https:\/\/dev.ibinternational.it\/cookie-policy-eu\/"]}]},{"@type":"BreadcrumbList","@id":"https:\/\/dev.ibinternational.it\/cookie-policy-eu\/#breadcrumb","itemListElement":[{"@type":"ListItem","position":1,"name":"Home","item":"https:\/\/dev.ibinternational.it\/"},{"@type":"ListItem","position":2,"name":"Cookie Policy (EU)"}]},{"@type":"WebSite","@id":"https:\/\/dev.ibinternational.it\/#website","url":"https:\/\/dev.ibinternational.it\/","name":"IB International Real Estate","description":"IB International","publisher":{"@id":"https:\/\/dev.ibinternational.it\/#organization"},"potentialAction":[{"@type":"SearchAction","target":{"@type":"EntryPoint","urlTemplate":"https:\/\/dev.ibinternational.it\/?s={search_term_string}"},"query-input":{"@type":"PropertyValueSpecification","valueRequired":true,"valueName":"search_term_string"}}],"inLanguage":"de"},{"@type":"Organization","@id":"https:\/\/dev.ibinternational.it\/#organization","name":"IB International Real Estate","url":"https:\/\/dev.ibinternational.it\/","logo":{"@type":"ImageObject","inLanguage":"de","@id":"https:\/\/dev.ibinternational.it\/#\/schema\/logo\/image\/","url":"https:\/\/dev.ibinternational.it\/wp-content\/uploads\/2021\/03\/Logo-IBInternational-grey-200.png","contentUrl":"https:\/\/dev.ibinternational.it\/wp-content\/uploads\/2021\/03\/Logo-IBInternational-grey-200.png","width":200,"height":200,"caption":"IB International Real Estate"},"image":{"@id":"https:\/\/dev.ibinternational.it\/#\/schema\/logo\/image\/"},"sameAs":["https:\/\/www.facebook.com\/IBInternationalRealEstate\/","https:\/\/www.linkedin.com\/company\/ib-international-real-estate\/"]}]}},"_links":{"self":[{"href":"https:\/\/dev.ibinternational.it\/de\/wp-json\/wp\/v2\/pages\/333248","targetHints":{"allow":["GET"]}}],"collection":[{"href":"https:\/\/dev.ibinternational.it\/de\/wp-json\/wp\/v2\/pages"}],"about":[{"href":"https:\/\/dev.ibinternational.it\/de\/wp-json\/wp\/v2\/types\/page"}],"author":[{"embeddable":true,"href":"https:\/\/dev.ibinternational.it\/de\/wp-json\/wp\/v2\/users\/1"}],"replies":[{"embeddable":true,"href":"https:\/\/dev.ibinternational.it\/de\/wp-json\/wp\/v2\/comments?post=333248"}],"version-history":[{"count":5,"href":"https:\/\/dev.ibinternational.it\/de\/wp-json\/wp\/v2\/pages\/333248\/revisions"}],"predecessor-version":[{"id":513606,"href":"https:\/\/dev.ibinternational.it\/de\/wp-json\/wp\/v2\/pages\/333248\/revisions\/513606"}],"wp:attachment":[{"href":"https:\/\/dev.ibinternational.it\/de\/wp-json\/wp\/v2\/media?parent=333248"}],"curies":[{"name":"wp","href":"https:\/\/api.w.org\/{rel}","templated":true}]}}