{"id":333248,"date":"2022-06-13T13:07:23","date_gmt":"2022-06-13T11:07:23","guid":{"rendered":"https:\/\/ibinternational.it\/cookie-policy-eu\/"},"modified":"2025-11-04T12:58:42","modified_gmt":"2025-11-04T11:58:42","slug":"cookiepolitik-eu","status":"publish","type":"page","link":"https:\/\/dev.ibinternational.it\/da\/cookiepolitik-eu\/","title":{"rendered":"Cookie-politik (EU)"},"content":{"rendered":"<div data-elementor-type=\"wp-page\" data-elementor-id=\"333248\" class=\"elementor elementor-333248\" data-elementor-post-type=\"page\">\n\t\t\t\t\t\t<section class=\"elementor-section elementor-top-section elementor-element elementor-element-f419fd0 elementor-section-boxed elementor-section-height-default elementor-section-height-default\" data-id=\"f419fd0\" data-element_type=\"section\" data-e-type=\"section\">\n\t\t\t\t\t\t<div class=\"elementor-container elementor-column-gap-default\">\n\t\t\t\t\t<div class=\"elementor-column elementor-col-100 elementor-top-column elementor-element elementor-element-db31f94\" data-id=\"db31f94\" data-element_type=\"column\" data-e-type=\"column\">\n\t\t\t<div class=\"elementor-widget-wrap elementor-element-populated\">\n\t\t\t\t\t\t<div class=\"elementor-element elementor-element-17b7ab5 elementor-widget elementor-widget-text-editor\" data-id=\"17b7ab5\" data-element_type=\"widget\" data-e-type=\"widget\" data-widget_type=\"text-editor.default\">\n\t\t\t\t\t\t\t\t\t<h3><strong>Cookiepolitik for <a href=\"https:\/\/dev.ibinternational.it\/da\/\" target=\"_blank\" rel=\"noopener noreferrer\">ibinternational.co.uk<\/a><\/strong><\/h3><p><strong>Dato for sidste opdatering:<\/strong> 07\/10\/2025<\/p><p>Denne cookiepolitik forklarer, hvad cookies er, og hvordan vi bruger dem p\u00e5 hjemmesiden.\u00a0<strong><a href=\"https:\/\/dev.ibinternational.it\/da\/\" target=\"_blank\" rel=\"noopener noreferrer\">ibinternational.co.uk<\/a><\/strong>\u00a0(herefter \u201cwebstedet\u201d), og hvordan du kan administrere dine pr\u00e6ferencer i den forbindelse.<\/p><p><strong>Hvad er cookies?<\/strong><br \/>Cookies er sm\u00e5 tekstfiler, som websteder, du bes\u00f8ger, sender og gemmer p\u00e5 din computer eller mobilenhed, s\u00e5 de kan sendes tilbage til de samme websteder, n\u00e6ste gang du bes\u00f8ger dem. Takket v\u00e6re cookies husker et websted brugerens handlinger og pr\u00e6ferencer (f.eks. loginoplysninger, standardsprog, sk\u00e6rmindstillinger osv.), s\u00e5 de ikke skal nulstilles, n\u00e5r brugeren bes\u00f8ger webstedet igen eller navigerer fra en side til en anden.<\/p><p><strong>Typer af cookies, der bruges p\u00e5 dette websted<\/strong><\/p><p>Webstedet bruger forskellige typer af cookies, hver med en specifik funktion.<\/p><ol start=\"1\"><li><p><strong>Tekniske cookies (p\u00e5kr\u00e6vet)<\/strong><br \/>Disse cookies er afg\u00f8rende for, at webstedet fungerer korrekt. De muligg\u00f8r navigation, lagring af dine samtykkepr\u00e6ferencer og sikrer webstedets sikkerhed. Uden disse cookies ville webstedet ikke fungere ordentligt. De kr\u00e6ver ikke dit forudg\u00e5ende samtykke.<\/p><\/li><li><p><strong>Analytiske og statistiske cookies<\/strong><br \/>Disse cookies hj\u00e6lper os med at forst\u00e5, hvordan brugerne interagerer med webstedet ved at indsamle oplysninger i en anonym og samlet form om antallet af bes\u00f8gende, de mest popul\u00e6re sider, der bes\u00f8ges, hvor trafikken kommer fra og generel browsingadf\u00e6rd. Disse data giver os mulighed for at forbedre vores indhold og brugeroplevelse.<\/p><\/li><li><p><strong>Cookies til annoncering og m\u00e5lretning<\/strong><br \/>Disse cookies bruges til at vise dig reklamer, der er mere relevante for dine interesser, b\u00e5de p\u00e5 vores websted og p\u00e5 andre platforme. De kan ogs\u00e5 bruges til at begr\u00e6nse antallet af gange, du ser en annonce, og til at m\u00e5le effektiviteten af en annoncekampagne.<\/p><\/li><\/ol><p><strong>H\u00e5ndtering af cookie-pr\u00e6ferencer<\/strong><\/p><p>N\u00e5r du g\u00e5r ind p\u00e5 siden f\u00f8rste gang, vil et samtykkebanner give dig et klart valg. Det kan du g\u00f8re:<\/p><ul><li><p><strong>Accepter alle cookies<\/strong>\u00a0(Teknisk, analytisk og reklame).<\/p><\/li><li><p><strong>Afvis alle cookies<\/strong>\u00a0undtagen de tekniske.<\/p><\/li><li><p><strong>Tilpasning af dine valg<\/strong>\u00a0ved individuelt at v\u00e6lge de kategorier af cookies, du \u00f8nsker at aktivere.<\/p><\/li><\/ul><p>Du kan til enhver tid \u00e6ndre eller tilbagekalde dit samtykke ved at f\u00e5 adgang til cookiepr\u00e6ferencepanelet, som kan n\u00e5s via et link i sidefoden p\u00e5 webstedet, normalt omtalt som \u201cCookiepr\u00e6ferencer\u201d eller \u201cCookieadministration\u201d.<\/p><p>Derudover kan du administrere cookies direkte fra dine browserindstillinger og beslutte, hvilke cookies der skal slettes eller blokeres. Men hvis du blokerer alle cookies, vil nogle af webstedets funktioner muligvis ikke l\u00e6ngere v\u00e6re tilg\u00e6ngelige.<\/p><ul><li><p><a href=\"https:\/\/support.google.com\/chrome\/answer\/95647\" target=\"_blank\" rel=\"noopener noreferrer\">Instruktioner til Chrome<\/a><\/p><\/li><li><p><a href=\"https:\/\/support.mozilla.org\/it\/kb\/attivare-e-disattivare-i-cookie\" target=\"_blank\" rel=\"noopener noreferrer\">Instruktioner til Firefox<\/a><\/p><\/li><li><p><a href=\"https:\/\/support.apple.com\/it-it\/guide\/safari\/sfri11471\/mac\" target=\"_blank\" rel=\"noopener noreferrer\">Instruktioner til Safari<\/a><\/p><\/li><li><p><a href=\"https:\/\/support.microsoft.com\/it-it\/microsoft-edge\/eliminare-i-cookie-in-microsoft-edge-63947406-40ac-c3b8-57b9-2a946a29ae09\" target=\"_blank\" rel=\"noopener noreferrer\">Instruktioner til kant<\/a><\/p><\/li><\/ul><p><strong>Detaljer om cookies og tredjepartstjenester<\/strong><\/p><p>F\u00f8lgende tabel beskriver de cookies og tredjepartstjenester, der bruges p\u00e5 webstedet.<\/p><div><div><div><div>\u00a0<\/div><\/div><div>\u00a0<\/div><\/div><table><thead><tr><th>Kategori<\/th><th>Navn p\u00e5 tjeneste<\/th><th>Leverand\u00f8r<\/th><th>Form\u00e5l<\/th><th>Varighed<\/th><th>Indsamlede data (anonymiserede)<\/th><\/tr><\/thead><tbody><tr><td><strong>Teknikere<\/strong><\/td><td>LiteSpeed Cache<\/td><td>LiteSpeed-teknologier<\/td><td>Caching af indhold for at forbedre hjemmesidens ydeevne.<\/td><td>Session<\/td><td>Tekniske sessionsdata<\/td><\/tr><tr><td><strong>Teknikere<\/strong><\/td><td>Cloudflare<\/td><td>Cloudflare, Inc.<\/td><td>Sikkerhed og beskyttelse mod cyberangreb (DDoS), optimering af indholdsdistribution (CDN).<\/td><td>Op til 1 \u00e5r<\/td><td>IP-adresse, logdata (behandles til sikkerhedsform\u00e5l)<\/td><\/tr><tr><td><strong>Analyse<\/strong><\/td><td>Google Analytics 4 (GA4)<\/td><td>Google Ireland Ltd.<\/td><td>Aggregeret statistisk analyse af brugertrafik og -adf\u00e6rd p\u00e5 webstedet.<\/td><td>Op til 24 m\u00e5neder<\/td><td>IP-adresse (anonymiseret), sessionsdata, bes\u00f8gte sider, bes\u00f8gets varighed, anvendt enhed og browser.<\/td><\/tr><tr><td><strong>Analyse<\/strong><\/td><td>Microsoft Klarhed<\/td><td>Microsoft Corporation<\/td><td>Analyse af brugeroplevelsen gennem sessionsoptagelse og heatmaps for at identificere problemer med brugervenligheden.<\/td><td>Op til 12 m\u00e5neder<\/td><td>Klik, rul, musebev\u00e6gelse, sessionsdata (alle anonymiserede).<\/td><\/tr><tr><td><strong>Annoncering<\/strong><\/td><td>Google-annoncer<\/td><td>Google Ireland Ltd.<\/td><td>Remarketing, oprettelse af tilpassede reklamer baseret p\u00e5 adf\u00e6rd p\u00e5 webstedet, m\u00e5ling af kampagnens resultater.<\/td><td>Op til 90 dage<\/td><td>Cookie-ID, bes\u00f8gte sider, udf\u00f8rte handlinger.<\/td><\/tr><tr><td><strong>Teknikere\/Funz.<\/strong><\/td><td>Google Search Console<\/td><td>Google Ireland Ltd.<\/td><td>Overv\u00e5gning af webstedets pr\u00e6station i Googles s\u00f8geresultater.<\/td><td>&#8211;<\/td><td>Aggregerede og anonyme forskningsdata.<\/td><\/tr><tr><td><strong>Teknikere<\/strong><\/td><td>Google Site Kit<\/td><td>Google Ireland Ltd.<\/td><td>Integrationsplugin til Google-tjenester (Analytics, Search Console). Indsamler ikke data selvst\u00e6ndigt.<\/td><td>&#8211;<\/td><td>&#8211;<\/td><\/tr><tr><td><strong>Teknikere<\/strong><\/td><td>Elementor Pro<\/td><td>Elementor Ltd.<\/td><td>Funktionalitet til at oprette og vise websider. Kontaktformularer gemmer de indsendte data lokalt.<\/td><td>Session<\/td><td>Data indtastet i formularer (administreret af den dataansvarlige)<\/td><\/tr><\/tbody><\/table><\/div><p><strong>Overf\u00f8rsel af data uden for EU<\/strong><\/p><p>Nogle af de anf\u00f8rte tjenester (is\u00e6r Google Analytics, Microsoft Clarity og Cloudflare) leveres af virksomheder med base i USA. Overf\u00f8rslen af dine data til dette land finder sted i overensstemmelse med de garantier, der er fastsat ved lov, is\u00e6r udbydernes overholdelse af\u00a0<strong>EU's og USA's rammer for databeskyttelse<\/strong>, en aftale om tilstr\u00e6kkelighed, der er anerkendt af Europa-Kommissionen.<\/p><p><strong>Kontakt<\/strong><\/p><p>Hvis du har sp\u00f8rgsm\u00e5l til denne cookiepolitik eller \u00f8nsker at ud\u00f8ve dine rettigheder til beskyttelse af personlige oplysninger, bedes du kontakte den dataansvarlige p\u00e5 de kontaktoplysninger, der er angivet i vores <a href=\"https:\/\/dev.ibinternational.it\/da\/privatlivspolitik\/\">Fortrolighedspolitik<\/a>.<\/p><p>Den dataansvarlige er:<br \/><strong>IB International Real Estate s.r.l.<\/strong><br \/>Med registreret kontor i: Via Roma 2\/10, Genova - 16121<br \/>E-mail for privatlivets fred: <a href=\"https:\/\/mailto:info@ibinternational.it\/\" target=\"_blank\" rel=\"noopener noreferrer\">info@ibinternational.it<\/a><\/p>\t\t\t\t\t\t\t\t<\/div>\n\t\t\t\t\t<\/div>\n\t\t<\/div>\n\t\t\t\t\t<\/div>\n\t\t<\/section>\n\t\t\t\t<\/div>","protected":false},"excerpt":{"rendered":"<p>Cookie Policy per ibinternational.it Data Ultimo Aggiornamento: 07\/10\/2025 Questa Cookie Policy spiega cosa sono i cookie, come li utilizziamo sul sito web\u00a0ibinternational.it\u00a0(di seguito, &#8220;il Sito&#8221;) e come puoi gestire le tue preferenze al riguardo. Cosa sono i Cookie?I cookie sono piccoli file di testo che i siti visitati dall&#8217;utente inviano e registrano sul suo computer [&hellip;]<\/p>\n","protected":false},"author":1,"featured_media":0,"parent":0,"menu_order":13,"comment_status":"closed","ping_status":"closed","template":"elementor_header_footer","meta":{"footnotes":""},"class_list":["post-333248","page","type-page","status-publish","hentry"],"yoast_head":"<!-- This site is optimized with the Yoast SEO plugin v27.3 - https:\/\/yoast.com\/product\/yoast-seo-wordpress\/ -->\n<title>Cookie Policy (EU) - IB International Real Estate<\/title>\n<meta name=\"robots\" content=\"noindex, follow, max-snippet:-1, max-image-preview:large, max-video-preview:-1\" \/>\n<meta property=\"og:locale\" content=\"da_DK\" \/>\n<meta property=\"og:type\" content=\"article\" \/>\n<meta property=\"og:title\" content=\"Cookie Policy (EU) - IB International Real Estate\" \/>\n<meta property=\"og:description\" content=\"Cookie Policy per ibinternational.it Data Ultimo Aggiornamento: 07\/10\/2025 Questa Cookie Policy spiega cosa sono i cookie, come li utilizziamo sul sito web\u00a0ibinternational.it\u00a0(di seguito, &#8220;il Sito&#8221;) e come puoi gestire le tue preferenze al riguardo. Cosa sono i Cookie?I cookie sono piccoli file di testo che i siti visitati dall&#8217;utente inviano e registrano sul suo computer [&hellip;]\" \/>\n<meta property=\"og:url\" content=\"https:\/\/dev.ibinternational.it\/da\/cookiepolitik-eu\/\" \/>\n<meta property=\"og:site_name\" content=\"IB International Real Estate\" \/>\n<meta property=\"article:publisher\" content=\"https:\/\/www.facebook.com\/IBInternationalRealEstate\/\" \/>\n<meta property=\"article:modified_time\" content=\"2025-11-04T11:58:42+00:00\" \/>\n<meta name=\"twitter:card\" content=\"summary_large_image\" \/>\n<script type=\"application\/ld+json\" class=\"yoast-schema-graph\">{\"@context\":\"https:\\\/\\\/schema.org\",\"@graph\":[{\"@type\":\"WebPage\",\"@id\":\"https:\\\/\\\/dev.ibinternational.it\\\/cookie-policy-eu\\\/\",\"url\":\"https:\\\/\\\/dev.ibinternational.it\\\/cookie-policy-eu\\\/\",\"name\":\"Cookie Policy (EU) - IB International Real Estate\",\"isPartOf\":{\"@id\":\"https:\\\/\\\/dev.ibinternational.it\\\/#website\"},\"datePublished\":\"2022-06-13T11:07:23+00:00\",\"dateModified\":\"2025-11-04T11:58:42+00:00\",\"breadcrumb\":{\"@id\":\"https:\\\/\\\/dev.ibinternational.it\\\/cookie-policy-eu\\\/#breadcrumb\"},\"inLanguage\":\"da-DK\",\"potentialAction\":[{\"@type\":\"ReadAction\",\"target\":[\"https:\\\/\\\/dev.ibinternational.it\\\/cookie-policy-eu\\\/\"]}]},{\"@type\":\"BreadcrumbList\",\"@id\":\"https:\\\/\\\/dev.ibinternational.it\\\/cookie-policy-eu\\\/#breadcrumb\",\"itemListElement\":[{\"@type\":\"ListItem\",\"position\":1,\"name\":\"Home\",\"item\":\"https:\\\/\\\/dev.ibinternational.it\\\/\"},{\"@type\":\"ListItem\",\"position\":2,\"name\":\"Cookie Policy (EU)\"}]},{\"@type\":\"WebSite\",\"@id\":\"https:\\\/\\\/dev.ibinternational.it\\\/#website\",\"url\":\"https:\\\/\\\/dev.ibinternational.it\\\/\",\"name\":\"IB International Real Estate\",\"description\":\"IB International\",\"publisher\":{\"@id\":\"https:\\\/\\\/dev.ibinternational.it\\\/#organization\"},\"potentialAction\":[{\"@type\":\"SearchAction\",\"target\":{\"@type\":\"EntryPoint\",\"urlTemplate\":\"https:\\\/\\\/dev.ibinternational.it\\\/?s={search_term_string}\"},\"query-input\":{\"@type\":\"PropertyValueSpecification\",\"valueRequired\":true,\"valueName\":\"search_term_string\"}}],\"inLanguage\":\"da-DK\"},{\"@type\":\"Organization\",\"@id\":\"https:\\\/\\\/dev.ibinternational.it\\\/#organization\",\"name\":\"IB International Real Estate\",\"url\":\"https:\\\/\\\/dev.ibinternational.it\\\/\",\"logo\":{\"@type\":\"ImageObject\",\"inLanguage\":\"da-DK\",\"@id\":\"https:\\\/\\\/dev.ibinternational.it\\\/#\\\/schema\\\/logo\\\/image\\\/\",\"url\":\"https:\\\/\\\/dev.ibinternational.it\\\/wp-content\\\/uploads\\\/2021\\\/03\\\/Logo-IBInternational-grey-200.png\",\"contentUrl\":\"https:\\\/\\\/dev.ibinternational.it\\\/wp-content\\\/uploads\\\/2021\\\/03\\\/Logo-IBInternational-grey-200.png\",\"width\":200,\"height\":200,\"caption\":\"IB International Real Estate\"},\"image\":{\"@id\":\"https:\\\/\\\/dev.ibinternational.it\\\/#\\\/schema\\\/logo\\\/image\\\/\"},\"sameAs\":[\"https:\\\/\\\/www.facebook.com\\\/IBInternationalRealEstate\\\/\",\"https:\\\/\\\/www.linkedin.com\\\/company\\\/ib-international-real-estate\\\/\"]}]}<\/script>\n<!-- \/ Yoast SEO plugin. -->","yoast_head_json":{"title":"Cookiepolitik (EU) - IB International Real Estate","robots":{"index":"noindex","follow":"follow","max-snippet":"max-snippet:-1","max-image-preview":"max-image-preview:large","max-video-preview":"max-video-preview:-1"},"og_locale":"da_DK","og_type":"article","og_title":"Cookie Policy (EU) - IB International Real Estate","og_description":"Cookie Policy per ibinternational.it Data Ultimo Aggiornamento: 07\/10\/2025 Questa Cookie Policy spiega cosa sono i cookie, come li utilizziamo sul sito web\u00a0ibinternational.it\u00a0(di seguito, &#8220;il Sito&#8221;) e come puoi gestire le tue preferenze al riguardo. Cosa sono i Cookie?I cookie sono piccoli file di testo che i siti visitati dall&#8217;utente inviano e registrano sul suo computer [&hellip;]","og_url":"https:\/\/dev.ibinternational.it\/da\/cookiepolitik-eu\/","og_site_name":"IB International Real Estate","article_publisher":"https:\/\/www.facebook.com\/IBInternationalRealEstate\/","article_modified_time":"2025-11-04T11:58:42+00:00","twitter_card":"summary_large_image","schema":{"@context":"https:\/\/schema.org","@graph":[{"@type":"WebPage","@id":"https:\/\/dev.ibinternational.it\/cookie-policy-eu\/","url":"https:\/\/dev.ibinternational.it\/cookie-policy-eu\/","name":"Cookiepolitik (EU) - IB International Real Estate","isPartOf":{"@id":"https:\/\/dev.ibinternational.it\/#website"},"datePublished":"2022-06-13T11:07:23+00:00","dateModified":"2025-11-04T11:58:42+00:00","breadcrumb":{"@id":"https:\/\/dev.ibinternational.it\/cookie-policy-eu\/#breadcrumb"},"inLanguage":"da-DK","potentialAction":[{"@type":"ReadAction","target":["https:\/\/dev.ibinternational.it\/cookie-policy-eu\/"]}]},{"@type":"BreadcrumbList","@id":"https:\/\/dev.ibinternational.it\/cookie-policy-eu\/#breadcrumb","itemListElement":[{"@type":"ListItem","position":1,"name":"Home","item":"https:\/\/dev.ibinternational.it\/"},{"@type":"ListItem","position":2,"name":"Cookie Policy (EU)"}]},{"@type":"WebSite","@id":"https:\/\/dev.ibinternational.it\/#website","url":"https:\/\/dev.ibinternational.it\/","name":"IB International Real Estate","description":"IB International","publisher":{"@id":"https:\/\/dev.ibinternational.it\/#organization"},"potentialAction":[{"@type":"SearchAction","target":{"@type":"EntryPoint","urlTemplate":"https:\/\/dev.ibinternational.it\/?s={search_term_string}"},"query-input":{"@type":"PropertyValueSpecification","valueRequired":true,"valueName":"search_term_string"}}],"inLanguage":"da-DK"},{"@type":"Organization","@id":"https:\/\/dev.ibinternational.it\/#organization","name":"IB International Real Estate","url":"https:\/\/dev.ibinternational.it\/","logo":{"@type":"ImageObject","inLanguage":"da-DK","@id":"https:\/\/dev.ibinternational.it\/#\/schema\/logo\/image\/","url":"https:\/\/dev.ibinternational.it\/wp-content\/uploads\/2021\/03\/Logo-IBInternational-grey-200.png","contentUrl":"https:\/\/dev.ibinternational.it\/wp-content\/uploads\/2021\/03\/Logo-IBInternational-grey-200.png","width":200,"height":200,"caption":"IB International Real Estate"},"image":{"@id":"https:\/\/dev.ibinternational.it\/#\/schema\/logo\/image\/"},"sameAs":["https:\/\/www.facebook.com\/IBInternationalRealEstate\/","https:\/\/www.linkedin.com\/company\/ib-international-real-estate\/"]}]}},"_links":{"self":[{"href":"https:\/\/dev.ibinternational.it\/da\/wp-json\/wp\/v2\/pages\/333248","targetHints":{"allow":["GET"]}}],"collection":[{"href":"https:\/\/dev.ibinternational.it\/da\/wp-json\/wp\/v2\/pages"}],"about":[{"href":"https:\/\/dev.ibinternational.it\/da\/wp-json\/wp\/v2\/types\/page"}],"author":[{"embeddable":true,"href":"https:\/\/dev.ibinternational.it\/da\/wp-json\/wp\/v2\/users\/1"}],"replies":[{"embeddable":true,"href":"https:\/\/dev.ibinternational.it\/da\/wp-json\/wp\/v2\/comments?post=333248"}],"version-history":[{"count":5,"href":"https:\/\/dev.ibinternational.it\/da\/wp-json\/wp\/v2\/pages\/333248\/revisions"}],"predecessor-version":[{"id":513606,"href":"https:\/\/dev.ibinternational.it\/da\/wp-json\/wp\/v2\/pages\/333248\/revisions\/513606"}],"wp:attachment":[{"href":"https:\/\/dev.ibinternational.it\/da\/wp-json\/wp\/v2\/media?parent=333248"}],"curies":[{"name":"wp","href":"https:\/\/api.w.org\/{rel}","templated":true}]}}